{"id":4227,"date":"2019-03-26T17:08:59","date_gmt":"2019-03-26T21:08:59","guid":{"rendered":"http:\/\/www.walkerglass.com\/confirmation-order-samples\/"},"modified":"2025-03-31T15:36:22","modified_gmt":"2025-03-31T19:36:22","slug":"confirmation-order-samples","status":"publish","type":"page","link":"https:\/\/www.walkerglass.com\/fr\/confirmation-order-samples\/","title":{"rendered":"Confirmation &#8211; Order samples"},"content":{"rendered":"\t\t<div class=\"et_pb_section et_pb_with_background et_section_regular breadcrumbs_section\">\n\t\t\t<div class=\" et_pb_row breadcrumbs_row\">\n\t\t\t\t<div class=\"et_pb_column et_pb_column_4_4 breadcrumbs_column\">\n\t\t\t\t\t<div class=\"et_pb_code et_pb_module breadcrumbs_module\">\n\t\t\t\t\t\t<span><span>Accueil<\/span><\/span>\t\t\t\t\t<\/div> <!-- .et_pb_code -->\n\t\t\t\t<\/div> <!-- .et_pb_column -->\n\t\t\t<\/div> <!-- .et_pb_row -->\n\t\t<\/div>\n\t\t<p>[et_pb_section fb_built=\u00a0\u00bb1&Prime; _builder_version=\u00a0\u00bb4.27.4&Prime; width=\u00a0\u00bb100%\u00a0\u00bb module_alignment=\u00a0\u00bbcenter\u00a0\u00bb global_colors_info=\u00a0\u00bb{}\u00a0\u00bb][et_pb_row custom_padding_last_edited=\u00a0\u00bbon|phone\u00a0\u00bb _builder_version=\u00a0\u00bb4.27.4&Prime; width=\u00a0\u00bb100%\u00a0\u00bb custom_padding=\u00a0\u00bb80px||80px|\u00a0\u00bb custom_padding_tablet=\u00a0\u00bb\u00a0\u00bb custom_padding_phone=\u00a0\u00bb\u00a0\u00bb global_colors_info=\u00a0\u00bb{}\u00a0\u00bb][et_pb_column type=\u00a0\u00bb4_4&Prime; _builder_version=\u00a0\u00bb4.16&Prime; custom_padding=\u00a0\u00bb|||\u00a0\u00bb global_colors_info=\u00a0\u00bb{}\u00a0\u00bb custom_padding__hover=\u00a0\u00bb|||\u00a0\u00bb][et_pb_text admin_label=\u00a0\u00bbYour information has been submitted successfully. We will contact you shortly. Thank you!\u00a0\u00bb _builder_version=\u00a0\u00bb4.27.4&Prime; text_font_size=\u00a0\u00bb26px\u00a0\u00bb text_line_height=\u00a0\u00bb1.4em\u00a0\u00bb text_orientation=\u00a0\u00bbcenter\u00a0\u00bb text_font_size_tablet=\u00a0\u00bb\u00a0\u00bb text_font_size_phone=\u00a0\u00bb24px\u00a0\u00bb text_font_size_last_edited=\u00a0\u00bbon|phone\u00a0\u00bb z_index_tablet=\u00a0\u00bb500&Prime; global_colors_info=\u00a0\u00bb{}\u00a0\u00bb]<\/p>\n<p>Nous vous remercions pour votre int\u00e9r\u00eat pour les produits de La Verrerie Walker!<\/p>\n<p>[\/et_pb_text][et_pb_text admin_label=\u00a0\u00bbCTA download eGuides\u00a0\u00bb _builder_version=\u00a0\u00bb4.27.4&Prime; text_line_height=\u00a0\u00bb1.4em\u00a0\u00bb text_orientation=\u00a0\u00bbcenter\u00a0\u00bb custom_margin=\u00a0\u00bb20px||||false|false\u00a0\u00bb hover_enabled=\u00a0\u00bb0&Prime; text_font_size_tablet=\u00a0\u00bb\u00a0\u00bb text_font_size_phone=\u00a0\u00bb24px\u00a0\u00bb text_font_size_last_edited=\u00a0\u00bbon|phone\u00a0\u00bb z_index_tablet=\u00a0\u00bb500&Prime; global_colors_info=\u00a0\u00bb{}\u00a0\u00bb sticky_enabled=\u00a0\u00bb0&Prime;]<\/p>\n<p>Compte tenu de l&rsquo;int\u00e9r\u00eat que vous portez \u00e0 nos produits, nous pensons que vous pourriez \u00e9galement appr\u00e9cier nos guides sur la conception avec le verre et miroir d\u00e9polis \u00e0 l&rsquo;acide. Ces guides vous permettront d\u2019optimiser l\u2019utilisation de nos produits pour vos futurs projets.\u00a0<\/p>\n<p>[\/et_pb_text][\/et_pb_column][\/et_pb_row][et_pb_row column_structure=\u00a0\u00bb1_2,1_2&Prime; _builder_version=\u00a0\u00bb4.27.4&Prime; _module_preset=\u00a0\u00bbdefault\u00a0\u00bb width=\u00a0\u00bb50%\u00a0\u00bb global_colors_info=\u00a0\u00bb{}\u00a0\u00bb][et_pb_column type=\u00a0\u00bb1_2&Prime; _builder_version=\u00a0\u00bb4.27.4&Prime; _module_preset=\u00a0\u00bbdefault\u00a0\u00bb link_option_url=\u00a0\u00bbhttps:\/\/www.walkerglass.com\/fr\/eguide_design_exterieur\/\u00a0\u00bb global_colors_info=\u00a0\u00bb{}\u00a0\u00bb][et_pb_image src=\u00a0\u00bbhttps:\/\/www.walkerglass.com\/wp-content\/uploads\/2025\/03\/eguide-exterior-fr-cover-toc.jpg\u00a0\u00bb alt=\u00a0\u00bbeGuide of Designing Exteriors with Acid-Etched Glass\u00a0\u00bb title_text=\u00a0\u00bbEGuide Exterior FR Cover TOC\u00a0\u00bb admin_label=\u00a0\u00bbImage &#8211; EGD Ext.\u00a0\u00bb _builder_version=\u00a0\u00bb4.27.4&Prime; _module_preset=\u00a0\u00bbdefault\u00a0\u00bb global_colors_info=\u00a0\u00bb{}\u00a0\u00bb][\/et_pb_image][et_pb_text admin_label=\u00a0\u00bbText &#8211; EGD Ext.\u00a0\u00bb _builder_version=\u00a0\u00bb4.27.4&Prime; _module_preset=\u00a0\u00bbdefault\u00a0\u00bb text_font_size=\u00a0\u00bb16px\u00a0\u00bb global_colors_info=\u00a0\u00bb{}\u00a0\u00bb]<\/p>\n<p style=\"text-align: center;\">Le eGuide du design pour<br \/>les applications ext\u00e9rieures<br \/>avec le verre d\u00e9poli \u00e0 l\u2019acide<\/p>\n<p>[\/et_pb_text][\/et_pb_column][et_pb_column type=\u00a0\u00bb1_2&Prime; _builder_version=\u00a0\u00bb4.27.4&Prime; _module_preset=\u00a0\u00bbdefault\u00a0\u00bb link_option_url=\u00a0\u00bbhttps:\/\/www.walkerglass.com\/fr\/eguide_design_interieur\/\u00a0\u00bb global_colors_info=\u00a0\u00bb{}\u00a0\u00bb][et_pb_image src=\u00a0\u00bbhttps:\/\/www.walkerglass.com\/wp-content\/uploads\/2025\/03\/eguide-interior-fr-cover-toc.jpg\u00a0\u00bb alt=\u00a0\u00bbeGuide of Designing Interiors with Acid-Etched Glass and Mirror\u00a0\u00bb title_text=\u00a0\u00bbEGuide Interior FR Cover TOC\u00a0\u00bb admin_label=\u00a0\u00bbImage &#8211; EGD Int.\u00a0\u00bb _builder_version=\u00a0\u00bb4.27.4&Prime; _module_preset=\u00a0\u00bbdefault\u00a0\u00bb global_colors_info=\u00a0\u00bb{}\u00a0\u00bb][\/et_pb_image][et_pb_text admin_label=\u00a0\u00bbText &#8211; EGD Int.\u00a0\u00bb _builder_version=\u00a0\u00bb4.27.4&Prime; _module_preset=\u00a0\u00bbdefault\u00a0\u00bb text_font_size=\u00a0\u00bb16px\u00a0\u00bb global_colors_info=\u00a0\u00bb{}\u00a0\u00bb]<\/p>\n<p style=\"text-align: center;\">Le eGuide du design pour<br \/>les applications int\u00e9rieures<br \/>avec le verre d\u00e9poli \u00e0 l\u2019acide<\/p>\n<p>[\/et_pb_text][\/et_pb_column][\/et_pb_row][et_pb_row _builder_version=\u00a0\u00bb4.27.4&Prime; _module_preset=\u00a0\u00bbdefault\u00a0\u00bb background_color=\u00a0\u00bb#eef1f8&Prime; custom_margin=\u00a0\u00bb2px||60px||false|false\u00a0\u00bb custom_padding=\u00a0\u00bb|30px||30px|false|false\u00a0\u00bb global_colors_info=\u00a0\u00bb{}\u00a0\u00bb][et_pb_column type=\u00a0\u00bb4_4&Prime; _builder_version=\u00a0\u00bb4.27.4&Prime; _module_preset=\u00a0\u00bbdefault\u00a0\u00bb global_colors_info=\u00a0\u00bb{}\u00a0\u00bb][et_pb_text admin_label=\u00a0\u00bbCTA newsletter\u00a0\u00bb _builder_version=\u00a0\u00bb4.27.4&Prime; text_line_height=\u00a0\u00bb1.4em\u00a0\u00bb text_orientation=\u00a0\u00bbcenter\u00a0\u00bb custom_margin=\u00a0\u00bb20px||||false|false\u00a0\u00bb text_font_size_tablet=\u00a0\u00bb\u00a0\u00bb text_font_size_phone=\u00a0\u00bb24px\u00a0\u00bb text_font_size_last_edited=\u00a0\u00bbon|phone\u00a0\u00bb z_index_tablet=\u00a0\u00bb500&Prime; global_colors_info=\u00a0\u00bb{}\u00a0\u00bb]<\/p>\n<p>Si vous d\u00e9sirez rester au fait de l&rsquo;actualit\u00e9 du monde du verre et de l&rsquo;architecture, notre infolettre pourrait vous int\u00e9resser. Si vous \u00eates d\u00e9j\u00e0 abonn\u00e9, nous vous remercions de votre confiance.<\/p>\n<p>[\/et_pb_text][et_pb_button button_url=\u00a0\u00bbhttps:\/\/www.walkerglass.com\/fr\/media\/infolettre\/\u00a0\u00bb button_text=\u00a0\u00bbS&rsquo;abonner\u00a0\u00bb button_alignment=\u00a0\u00bbcenter\u00a0\u00bb admin_label=\u00a0\u00bbButton &#8211; newsletter\u00a0\u00bb _builder_version=\u00a0\u00bb4.27.4&Prime; _module_preset=\u00a0\u00bbdefault\u00a0\u00bb custom_button=\u00a0\u00bbon\u00a0\u00bb button_text_color=\u00a0\u00bb#FFFFFF\u00a0\u00bb button_bg_color=\u00a0\u00bb#000000&Prime; button_border_radius=\u00a0\u00bb4px\u00a0\u00bb custom_margin=\u00a0\u00bb||20px||false|false\u00a0\u00bb global_colors_info=\u00a0\u00bb{}\u00a0\u00bb][\/et_pb_button][\/et_pb_column][\/et_pb_row][\/et_pb_section]<\/p>\n","protected":false},"excerpt":{"rendered":"<p>Nous vous remercions pour votre int\u00e9r\u00eat pour les produits de La Verrerie Walker!Compte tenu de l&rsquo;int\u00e9r\u00eat que vous portez \u00e0 nos produits, nous pensons que vous pourriez \u00e9galement appr\u00e9cier nos guides sur la conception avec le verre et miroir d\u00e9polis \u00e0 l&rsquo;acide. Ces guides vous permettront d\u2019optimiser l\u2019utilisation de nos produits pour vos futurs projets.\u00a0Le [&hellip;]<\/p>\n","protected":false},"author":9,"featured_media":0,"parent":0,"menu_order":0,"comment_status":"closed","ping_status":"closed","template":"","meta":{"_acf_changed":false,"_et_pb_use_builder":"on","_et_pb_old_content":"","_et_gb_content_width":"","footnotes":""},"class_list":["post-4227","page","type-page","status-publish","hentry"],"acf":[],"yoast_head":"<!-- This site is optimized with the Yoast SEO plugin v27.5 - https:\/\/yoast.com\/product\/yoast-seo-wordpress\/ -->\n<title>Confirmation - Order samples | Verrerie Walker<\/title>\n<meta name=\"robots\" content=\"index, follow, max-snippet:-1, max-image-preview:large, max-video-preview:-1\" \/>\n<link rel=\"canonical\" href=\"https:\/\/www.walkerglass.com\/fr\/confirmation-order-samples\/\" \/>\n<meta property=\"og:locale\" content=\"fr_FR\" \/>\n<meta property=\"og:type\" content=\"article\" \/>\n<meta property=\"og:title\" content=\"Confirmation - Order samples | Verrerie Walker\" \/>\n<meta property=\"og:description\" content=\"Nous vous remercions pour votre int\u00e9r\u00eat pour les produits de La Verrerie Walker!Compte tenu de l&#039;int\u00e9r\u00eat que vous portez \u00e0 nos produits, nous pensons que vous pourriez \u00e9galement appr\u00e9cier nos guides sur la conception avec le verre et miroir d\u00e9polis \u00e0 l&#039;acide. Ces guides vous permettront d\u2019optimiser l\u2019utilisation de nos produits pour vos futurs projets.\u00a0Le [&hellip;]\" \/>\n<meta property=\"og:url\" content=\"https:\/\/www.walkerglass.com\/fr\/confirmation-order-samples\/\" \/>\n<meta property=\"og:site_name\" content=\"Verrerie Walker\" \/>\n<meta property=\"article:publisher\" content=\"https:\/\/www.facebook.com\/WalkerGlassCo\/\" \/>\n<meta property=\"article:modified_time\" content=\"2025-03-31T19:36:22+00:00\" \/>\n<meta property=\"og:image\" content=\"https:\/\/www.walkerglass.com\/wp-content\/uploads\/2020\/03\/home-2-low-e-coated-acid-etched-glass.jpg\" \/>\n\t<meta property=\"og:image:width\" content=\"1743\" \/>\n\t<meta property=\"og:image:height\" content=\"910\" \/>\n\t<meta property=\"og:image:type\" content=\"image\/jpeg\" \/>\n<meta name=\"twitter:card\" content=\"summary_large_image\" \/>\n<meta name=\"twitter:site\" content=\"@WalkerTextures\" \/>\n<meta name=\"twitter:label1\" content=\"Dur\u00e9e de lecture estim\u00e9e\" \/>\n\t<meta name=\"twitter:data1\" content=\"1 minute\" \/>\n<script type=\"application\/ld+json\" class=\"yoast-schema-graph\">{\"@context\":\"https:\\\/\\\/schema.org\",\"@graph\":[{\"@type\":\"WebPage\",\"@id\":\"https:\\\/\\\/www.walkerglass.com\\\/fr\\\/confirmation-order-samples\\\/\",\"url\":\"https:\\\/\\\/www.walkerglass.com\\\/fr\\\/confirmation-order-samples\\\/\",\"name\":\"Confirmation - Order samples | Verrerie Walker\",\"isPartOf\":{\"@id\":\"https:\\\/\\\/www.walkerglass.com\\\/#website\"},\"datePublished\":\"2019-03-26T21:08:59+00:00\",\"dateModified\":\"2025-03-31T19:36:22+00:00\",\"breadcrumb\":{\"@id\":\"https:\\\/\\\/www.walkerglass.com\\\/fr\\\/confirmation-order-samples\\\/#breadcrumb\"},\"inLanguage\":\"fr-FR\",\"potentialAction\":[{\"@type\":\"ReadAction\",\"target\":[\"https:\\\/\\\/www.walkerglass.com\\\/fr\\\/confirmation-order-samples\\\/\"]}]},{\"@type\":\"BreadcrumbList\",\"@id\":\"https:\\\/\\\/www.walkerglass.com\\\/fr\\\/confirmation-order-samples\\\/#breadcrumb\",\"itemListElement\":[{\"@type\":\"ListItem\",\"position\":1,\"name\":\"Accueil\"},{\"@type\":\"ListItem\",\"position\":2,\"name\":\"Confirmation &#8211; Order samples\"}]},{\"@type\":\"WebSite\",\"@id\":\"https:\\\/\\\/www.walkerglass.com\\\/#website\",\"url\":\"https:\\\/\\\/www.walkerglass.com\\\/\",\"name\":\"Verrerie Walker\",\"description\":\"\",\"publisher\":{\"@id\":\"https:\\\/\\\/www.walkerglass.com\\\/#organization\"},\"potentialAction\":[{\"@type\":\"SearchAction\",\"target\":{\"@type\":\"EntryPoint\",\"urlTemplate\":\"https:\\\/\\\/www.walkerglass.com\\\/?s={search_term_string}\"},\"query-input\":{\"@type\":\"PropertyValueSpecification\",\"valueRequired\":true,\"valueName\":\"search_term_string\"}}],\"inLanguage\":\"fr-FR\"},{\"@type\":\"Organization\",\"@id\":\"https:\\\/\\\/www.walkerglass.com\\\/#organization\",\"name\":\"Verrerie Walker\",\"url\":\"https:\\\/\\\/www.walkerglass.com\\\/\",\"logo\":{\"@type\":\"ImageObject\",\"inLanguage\":\"fr-FR\",\"@id\":\"https:\\\/\\\/www.walkerglass.com\\\/#\\\/schema\\\/logo\\\/image\\\/\",\"url\":\"https:\\\/\\\/www.walkerglass.com\\\/wp-content\\\/uploads\\\/2021\\\/03\\\/logo-walker-noir-1.png\",\"contentUrl\":\"https:\\\/\\\/www.walkerglass.com\\\/wp-content\\\/uploads\\\/2021\\\/03\\\/logo-walker-noir-1.png\",\"width\":2048,\"height\":282,\"caption\":\"Verrerie Walker\"},\"image\":{\"@id\":\"https:\\\/\\\/www.walkerglass.com\\\/#\\\/schema\\\/logo\\\/image\\\/\"},\"sameAs\":[\"https:\\\/\\\/www.facebook.com\\\/WalkerGlassCo\\\/\",\"https:\\\/\\\/x.com\\\/WalkerTextures\",\"https:\\\/\\\/www.instagram.com\\\/walkerglassco\\\/\",\"https:\\\/\\\/ca.linkedin.com\\\/company\\\/walker-glass\",\"https:\\\/\\\/www.youtube.com\\\/user\\\/WalkerGlassTextures\"]}]}<\/script>\n<!-- \/ Yoast SEO plugin. -->","yoast_head_json":{"title":"Confirmation - Order samples | Verrerie Walker","robots":{"index":"index","follow":"follow","max-snippet":"max-snippet:-1","max-image-preview":"max-image-preview:large","max-video-preview":"max-video-preview:-1"},"canonical":"https:\/\/www.walkerglass.com\/fr\/confirmation-order-samples\/","og_locale":"fr_FR","og_type":"article","og_title":"Confirmation - Order samples | Verrerie Walker","og_description":"Nous vous remercions pour votre int\u00e9r\u00eat pour les produits de La Verrerie Walker!Compte tenu de l'int\u00e9r\u00eat que vous portez \u00e0 nos produits, nous pensons que vous pourriez \u00e9galement appr\u00e9cier nos guides sur la conception avec le verre et miroir d\u00e9polis \u00e0 l'acide. Ces guides vous permettront d\u2019optimiser l\u2019utilisation de nos produits pour vos futurs projets.\u00a0Le [&hellip;]","og_url":"https:\/\/www.walkerglass.com\/fr\/confirmation-order-samples\/","og_site_name":"Verrerie Walker","article_publisher":"https:\/\/www.facebook.com\/WalkerGlassCo\/","article_modified_time":"2025-03-31T19:36:22+00:00","og_image":[{"width":1743,"height":910,"url":"https:\/\/www.walkerglass.com\/wp-content\/uploads\/2020\/03\/home-2-low-e-coated-acid-etched-glass.jpg","type":"image\/jpeg"}],"twitter_card":"summary_large_image","twitter_site":"@WalkerTextures","twitter_misc":{"Dur\u00e9e de lecture estim\u00e9e":"1 minute"},"schema":{"@context":"https:\/\/schema.org","@graph":[{"@type":"WebPage","@id":"https:\/\/www.walkerglass.com\/fr\/confirmation-order-samples\/","url":"https:\/\/www.walkerglass.com\/fr\/confirmation-order-samples\/","name":"Confirmation - Order samples | Verrerie Walker","isPartOf":{"@id":"https:\/\/www.walkerglass.com\/#website"},"datePublished":"2019-03-26T21:08:59+00:00","dateModified":"2025-03-31T19:36:22+00:00","breadcrumb":{"@id":"https:\/\/www.walkerglass.com\/fr\/confirmation-order-samples\/#breadcrumb"},"inLanguage":"fr-FR","potentialAction":[{"@type":"ReadAction","target":["https:\/\/www.walkerglass.com\/fr\/confirmation-order-samples\/"]}]},{"@type":"BreadcrumbList","@id":"https:\/\/www.walkerglass.com\/fr\/confirmation-order-samples\/#breadcrumb","itemListElement":[{"@type":"ListItem","position":1,"name":"Accueil"},{"@type":"ListItem","position":2,"name":"Confirmation &#8211; Order samples"}]},{"@type":"WebSite","@id":"https:\/\/www.walkerglass.com\/#website","url":"https:\/\/www.walkerglass.com\/","name":"Verrerie Walker","description":"","publisher":{"@id":"https:\/\/www.walkerglass.com\/#organization"},"potentialAction":[{"@type":"SearchAction","target":{"@type":"EntryPoint","urlTemplate":"https:\/\/www.walkerglass.com\/?s={search_term_string}"},"query-input":{"@type":"PropertyValueSpecification","valueRequired":true,"valueName":"search_term_string"}}],"inLanguage":"fr-FR"},{"@type":"Organization","@id":"https:\/\/www.walkerglass.com\/#organization","name":"Verrerie Walker","url":"https:\/\/www.walkerglass.com\/","logo":{"@type":"ImageObject","inLanguage":"fr-FR","@id":"https:\/\/www.walkerglass.com\/#\/schema\/logo\/image\/","url":"https:\/\/www.walkerglass.com\/wp-content\/uploads\/2021\/03\/logo-walker-noir-1.png","contentUrl":"https:\/\/www.walkerglass.com\/wp-content\/uploads\/2021\/03\/logo-walker-noir-1.png","width":2048,"height":282,"caption":"Verrerie Walker"},"image":{"@id":"https:\/\/www.walkerglass.com\/#\/schema\/logo\/image\/"},"sameAs":["https:\/\/www.facebook.com\/WalkerGlassCo\/","https:\/\/x.com\/WalkerTextures","https:\/\/www.instagram.com\/walkerglassco\/","https:\/\/ca.linkedin.com\/company\/walker-glass","https:\/\/www.youtube.com\/user\/WalkerGlassTextures"]}]}},"_links":{"self":[{"href":"https:\/\/www.walkerglass.com\/fr\/wp-json\/wp\/v2\/pages\/4227","targetHints":{"allow":["GET"]}}],"collection":[{"href":"https:\/\/www.walkerglass.com\/fr\/wp-json\/wp\/v2\/pages"}],"about":[{"href":"https:\/\/www.walkerglass.com\/fr\/wp-json\/wp\/v2\/types\/page"}],"author":[{"embeddable":true,"href":"https:\/\/www.walkerglass.com\/fr\/wp-json\/wp\/v2\/users\/9"}],"replies":[{"embeddable":true,"href":"https:\/\/www.walkerglass.com\/fr\/wp-json\/wp\/v2\/comments?post=4227"}],"version-history":[{"count":5,"href":"https:\/\/www.walkerglass.com\/fr\/wp-json\/wp\/v2\/pages\/4227\/revisions"}],"predecessor-version":[{"id":29925,"href":"https:\/\/www.walkerglass.com\/fr\/wp-json\/wp\/v2\/pages\/4227\/revisions\/29925"}],"wp:attachment":[{"href":"https:\/\/www.walkerglass.com\/fr\/wp-json\/wp\/v2\/media?parent=4227"}],"curies":[{"name":"wp","href":"https:\/\/api.w.org\/{rel}","templated":true}]}}