{"id":3476,"date":"2019-03-22T09:26:44","date_gmt":"2019-03-22T13:26:44","guid":{"rendered":"http:\/\/www.walkerglass.com\/?page_id=3476"},"modified":"2026-02-18T15:25:20","modified_gmt":"2026-02-18T20:25:20","slug":"postes-disponibles","status":"publish","type":"page","link":"https:\/\/www.walkerglass.com\/fr\/carriere\/postes-disponibles\/","title":{"rendered":"Postes disponibles"},"content":{"rendered":"\t\t<div class=\"et_pb_section et_pb_with_background et_section_regular breadcrumbs_section\">\n\t\t\t<div class=\" et_pb_row breadcrumbs_row\">\n\t\t\t\t<div class=\"et_pb_column et_pb_column_4_4 breadcrumbs_column\">\n\t\t\t\t\t<div class=\"et_pb_code et_pb_module breadcrumbs_module\">\n\t\t\t\t\t\t<span><span>Accueil<\/span><\/span>\t\t\t\t\t<\/div> <!-- .et_pb_code -->\n\t\t\t\t<\/div> <!-- .et_pb_column -->\n\t\t\t<\/div> <!-- .et_pb_row -->\n\t\t<\/div>\n\t\t<p>[et_pb_section fb_built=\u00a0\u00bb1&Prime; _builder_version=\u00a0\u00bb4.20.2&Prime; module_alignment=\u00a0\u00bbcenter\u00a0\u00bb custom_padding=\u00a0\u00bb0px|||\u00a0\u00bb global_colors_info=\u00a0\u00bb{}\u00a0\u00bb][et_pb_row _builder_version=\u00a0\u00bb4.20.2&Prime; background_size=\u00a0\u00bbinitial\u00a0\u00bb background_position=\u00a0\u00bbtop_left\u00a0\u00bb background_repeat=\u00a0\u00bbrepeat\u00a0\u00bb module_alignment=\u00a0\u00bbcenter\u00a0\u00bb global_colors_info=\u00a0\u00bb{}\u00a0\u00bb][et_pb_column type=\u00a0\u00bb4_4&Prime; _builder_version=\u00a0\u00bb4.16&Prime; custom_padding=\u00a0\u00bb|||\u00a0\u00bb global_colors_info=\u00a0\u00bb{}\u00a0\u00bb custom_padding__hover=\u00a0\u00bb|||\u00a0\u00bb][et_pb_text admin_label=\u00a0\u00bbPostes disponibles\u00a0\u00bb _builder_version=\u00a0\u00bb4.16&Prime; global_colors_info=\u00a0\u00bb{}\u00a0\u00bb]<\/p>\n<h1 style=\"text-align: center;\">Postes disponibles<\/h1>\n<p>[\/et_pb_text][et_pb_code admin_label=\u00a0\u00bbCode\u00a0\u00bb _builder_version=\u00a0\u00bb4.27.5&Prime; module_alignment=\u00a0\u00bbcenter\u00a0\u00bb hover_enabled=\u00a0\u00bb0&Prime; global_colors_info=\u00a0\u00bb{}\u00a0\u00bb sticky_enabled=\u00a0\u00bb0&Prime;]\t<div class=\"section-carriere\">\n    <form action=\"https:\/\/www.walkerglass.com\/fr\/carriere\/postes-disponibles\/#filtrer\" name=\"carriere-form\" method=\"get\" id=\"carriere-filters\">\n        <select class=\"carriere-select\" name=\"job-type\" onchange=\"this.form.submit()\">\n            <option value=\"\">\n                S\u00e9l\u00e9ctionner un secteur            <\/option>\n                            <option \n                    value=\"administration\"\n                                    >\n                Administration                <\/option>\n                            <option \n                    value=\"usine\"\n                                    >\n                Usine                <\/option>\n                    <\/select>\n        <button style=\"display: none\" type=\"submit\" class=\"et_pb_button et_pb_module eet_pb_bg_layout_dark\">Search<\/button>\n    <\/form>\n     \n            <div class=\"cat-content\">\n            <h2 class=\"cat-title\">Administration <\/h2>\n\n             \n            <\/div>\n            <div class='clear'><\/div>  <!-- En cat-content -->\n                        <div class=\"cat-content\">\n            <h2 class=\"cat-title\">Usine <\/h2>\n\n            <div class='row'>\n                    <article id=\"post-25364\" class=\"post-3476 page type-page status-publish hentry\">\n                    <a href=\"https:\/\/www.walkerglass.com\/fr\/emploi\/operateurtrice-a-lexpedition\/\" class=\"block-link\">\n                       \n                        <h3>Aide g\u00e9n\u00e9ral - Exp\u00e9dition<\/h3>\n\n                        <p><p>Postes disponibles [carriere_listing]Candidatures spontan\u00e9es Communiquez avec nos experts Si vous avez des questions, n\u2019h\u00e9sitez pas \u00e0 communiquer avec nous\u00a0!<\/p>\n<\/p>                    <\/a>\n            \n                    <div class=\"more-link\"><a class=\"et_pb_button\" href=\"https:\/\/www.walkerglass.com\/fr\/emploi\/operateurtrice-a-lexpedition\/\">Lire plus<\/a><\/div>\n\n                    <\/article> \n                    \n                    <article id=\"post-30916\" class=\"post-3476 page type-page status-publish hentry\">\n                    <a href=\"https:\/\/www.walkerglass.com\/fr\/emploi\/electromecanicien\/\" class=\"block-link\">\n                       \n                        <h3>\u00c9lectrom\u00e9canicien(ne)<\/h3>\n\n                        <p><p>Postes disponibles [carriere_listing]Candidatures spontan\u00e9es Communiquez avec nos experts Si vous avez des questions, n\u2019h\u00e9sitez pas \u00e0 communiquer avec nous\u00a0!<\/p>\n<\/p>                    <\/a>\n            \n                    <div class=\"more-link\"><a class=\"et_pb_button\" href=\"https:\/\/www.walkerglass.com\/fr\/emploi\/electromecanicien\/\">Lire plus<\/a><\/div>\n\n                    <\/article> \n                    \n                    <article id=\"post-32543\" class=\"post-3476 page type-page status-publish hentry\">\n                    <a href=\"https:\/\/www.walkerglass.com\/fr\/emploi\/coordonnateur-inventaires-et-planification\/\" class=\"block-link\">\n                       \n                        <h3>Coordonnateur inventaires et planification<\/h3>\n\n                        <p><p>Postes disponibles [carriere_listing]Candidatures spontan\u00e9es Communiquez avec nos experts Si vous avez des questions, n\u2019h\u00e9sitez pas \u00e0 communiquer avec nous\u00a0!<\/p>\n<\/p>                    <\/a>\n            \n                    <div class=\"more-link\"><a class=\"et_pb_button\" href=\"https:\/\/www.walkerglass.com\/fr\/emploi\/coordonnateur-inventaires-et-planification\/\">Lire plus<\/a><\/div>\n\n                    <\/article> \n                    \n                    <article id=\"post-32544\" class=\"post-3476 page type-page status-publish hentry\">\n                    <a href=\"https:\/\/www.walkerglass.com\/fr\/emploi\/coordinateur-maintenance-et-fiabilite\/\" class=\"block-link\">\n                       \n                        <h3>Coordinateur maintenance et fiabilit\u00e9<\/h3>\n\n                        <p><p>Postes disponibles [carriere_listing]Candidatures spontan\u00e9es Communiquez avec nos experts Si vous avez des questions, n\u2019h\u00e9sitez pas \u00e0 communiquer avec nous\u00a0!<\/p>\n<\/p>                    <\/a>\n            \n                    <div class=\"more-link\"><a class=\"et_pb_button\" href=\"https:\/\/www.walkerglass.com\/fr\/emploi\/coordinateur-maintenance-et-fiabilite\/\">Lire plus<\/a><\/div>\n\n                    <\/article> \n                    <div class='clear'><\/div><\/div> \n            <\/div>\n            <div class='clear'><\/div>  <!-- En cat-content -->\n            \n\n\n<\/div>[\/et_pb_code][et_pb_text _builder_version=\u00a0\u00bb4.16&Prime; header_2_text_align=\u00a0\u00bbcenter\u00a0\u00bb text_orientation=\u00a0\u00bbcenter\u00a0\u00bb max_width=\u00a0\u00bb60%\u00a0\u00bb max_width_tablet=\u00a0\u00bb100%\u00a0\u00bb max_width_phone=\u00a0\u00bb\u00a0\u00bb max_width_last_edited=\u00a0\u00bbon|desktop\u00a0\u00bb module_alignment=\u00a0\u00bbcenter\u00a0\u00bb custom_margin=\u00a0\u00bb||50px\u00a0\u00bb global_colors_info=\u00a0\u00bb{}\u00a0\u00bb]<\/p>\n<h2 style=\"text-align: center;\">Candidatures spontan\u00e9es<\/h2>\n<p>[\/et_pb_text][et_pb_button button_url=\u00a0\u00bbmailto:rh@laverreriewalker.com?subject=Candidature%20spontan\u00e9e\u00a0\u00bb button_text=\u00a0\u00bbEnvoyez votre candidature\u00a0\u00bb button_alignment=\u00a0\u00bbcenter\u00a0\u00bb _builder_version=\u00a0\u00bb4.27.4&Prime; _module_preset=\u00a0\u00bbdefault\u00a0\u00bb custom_button=\u00a0\u00bbon\u00a0\u00bb button_text_size=\u00a0\u00bb16px\u00a0\u00bb button_text_color=\u00a0\u00bb#FFFFFF\u00a0\u00bb button_bg_color=\u00a0\u00bb#000000&Prime; button_border_radius=\u00a0\u00bb2px\u00a0\u00bb button_font=\u00a0\u00bb|600|||||||\u00a0\u00bb locked=\u00a0\u00bboff\u00a0\u00bb global_colors_info=\u00a0\u00bb{}\u00a0\u00bb][\/et_pb_button][\/et_pb_column][\/et_pb_row][\/et_pb_section][et_pb_section fb_built=\u00a0\u00bb1&Prime; custom_padding_last_edited=\u00a0\u00bbon|phone\u00a0\u00bb _builder_version=\u00a0\u00bb4.20.2&Prime; background_image=\u00a0\u00bbhttps:\/\/walkerglass.com\/wp-content\/uploads\/2019\/02\/section-background-product-categories-contact.jpg\u00a0\u00bb background_size=\u00a0\u00bbcover\u00a0\u00bb background_repeat=\u00a0\u00bbno-repeat\u00a0\u00bb width=\u00a0\u00bb100%\u00a0\u00bb max_width=\u00a0\u00bb2518px\u00a0\u00bb module_alignment=\u00a0\u00bbcenter\u00a0\u00bb custom_padding=\u00a0\u00bb54px||54px|\u00a0\u00bb custom_padding_tablet=\u00a0\u00bb\u00a0\u00bb custom_padding_phone=\u00a0\u00bb0px||0px|\u00a0\u00bb global_colors_info=\u00a0\u00bb{}\u00a0\u00bb][et_pb_row custom_padding_last_edited=\u00a0\u00bboff|\u00a0\u00bb disabled_on=\u00a0\u00bbon||\u00a0\u00bb _builder_version=\u00a0\u00bb4.16&Prime; max_width=\u00a0\u00bb660px\u00a0\u00bb module_alignment=\u00a0\u00bbcenter\u00a0\u00bb custom_padding=\u00a0\u00bb0px||0px|\u00a0\u00bb use_custom_width=\u00a0\u00bbon\u00a0\u00bb custom_width_px=\u00a0\u00bb660px\u00a0\u00bb global_colors_info=\u00a0\u00bb{}\u00a0\u00bb][et_pb_column type=\u00a0\u00bb4_4&Prime; _builder_version=\u00a0\u00bb4.16&Prime; background_color=\u00a0\u00bbrgba(62,85,110,0.95)\u00a0\u00bb custom_padding=\u00a0\u00bb40px|15%|40px|15%\u00a0\u00bb global_colors_info=\u00a0\u00bb{}\u00a0\u00bb custom_padding__hover=\u00a0\u00bb|||\u00a0\u00bb][et_pb_text admin_label=\u00a0\u00bbCommuniquez avec nos experts\u00a0\u00bb _builder_version=\u00a0\u00bb4.16&Prime; text_orientation=\u00a0\u00bbcenter\u00a0\u00bb background_layout=\u00a0\u00bbdark\u00a0\u00bb global_colors_info=\u00a0\u00bb{}\u00a0\u00bb]<\/p>\n<h2>Communiquez avec nos experts<\/h2>\n<p>Si vous avez des questions, n\u2019h\u00e9sitez pas \u00e0 communiquer avec nous\u00a0!<\/p>\n<p>[\/et_pb_text][et_pb_button button_url=\u00a0\u00bb\/fr\/contact\/\u00a0\u00bb button_text=\u00a0\u00bbContactez-nous\u00a0\u00bb button_alignment=\u00a0\u00bbcenter\u00a0\u00bb admin_label=\u00a0\u00bbContactez-nous\u00a0\u00bb _builder_version=\u00a0\u00bb4.16&Prime; background_layout=\u00a0\u00bbdark\u00a0\u00bb global_colors_info=\u00a0\u00bb{}\u00a0\u00bb][\/et_pb_button][\/et_pb_column][\/et_pb_row][\/et_pb_section]<\/p>\n","protected":false},"excerpt":{"rendered":"<p>Postes disponibles \t<div class=\"section-carriere\">\n    <form action=\"https:\/\/www.walkerglass.com\/fr\/carriere\/postes-disponibles\/#filtrer\" name=\"carriere-form\" method=\"get\" id=\"carriere-filters\">\n        <select class=\"carriere-select\" name=\"job-type\" onchange=\"this.form.submit()\">\n            <option value=\"\">\n                S\u00e9l\u00e9ctionner un secteur            <\/option>\n                            <option \n                    value=\"administration\"\n                                    >\n                Administration                <\/option>\n                            <option \n                    value=\"usine\"\n                                    >\n                Usine                <\/option>\n                    <\/select>\n        <button style=\"display: none\" type=\"submit\" class=\"et_pb_button et_pb_module eet_pb_bg_layout_dark\">Search<\/button>\n    <\/form>\n     \n            <div class=\"cat-content\">\n            <h2 class=\"cat-title\">Administration <\/h2>\n\n             \n            <\/div>\n            <div class='clear'><\/div>  <!-- En cat-content -->\n                        <div class=\"cat-content\">\n            <h2 class=\"cat-title\">Usine <\/h2>\n\n            <div class='row'>\n                    <article id=\"post-25364\" class=\"post-3476 page type-page status-publish hentry\">\n                    <a href=\"https:\/\/www.walkerglass.com\/fr\/emploi\/operateurtrice-a-lexpedition\/\" class=\"block-link\">\n                       \n                        <h3>Aide g\u00e9n\u00e9ral - Exp\u00e9dition<\/h3>\n\n                        <p><p>Postes disponibles [carriere_listing]Candidatures spontan\u00e9es Communiquez avec nos experts Si vous avez des questions, n\u2019h\u00e9sitez pas \u00e0 communiquer avec nous\u00a0!<\/p>\n<\/p>                    <\/a>\n            \n                    <div class=\"more-link\"><a class=\"et_pb_button\" href=\"https:\/\/www.walkerglass.com\/fr\/emploi\/operateurtrice-a-lexpedition\/\">Lire plus<\/a><\/div>\n\n                    <\/article> \n                    \n                    <article id=\"post-30916\" class=\"post-3476 page type-page status-publish hentry\">\n                    <a href=\"https:\/\/www.walkerglass.com\/fr\/emploi\/electromecanicien\/\" class=\"block-link\">\n                       \n                        <h3>\u00c9lectrom\u00e9canicien(ne)<\/h3>\n\n                        <p><p>Postes disponibles [carriere_listing]Candidatures spontan\u00e9es Communiquez avec nos experts Si vous avez des questions, n\u2019h\u00e9sitez pas \u00e0 communiquer avec nous\u00a0!<\/p>\n<\/p>                    <\/a>\n            \n                    <div class=\"more-link\"><a class=\"et_pb_button\" href=\"https:\/\/www.walkerglass.com\/fr\/emploi\/electromecanicien\/\">Lire plus<\/a><\/div>\n\n                    <\/article> \n                    \n                    <article id=\"post-32543\" class=\"post-3476 page type-page status-publish hentry\">\n                    <a href=\"https:\/\/www.walkerglass.com\/fr\/emploi\/coordonnateur-inventaires-et-planification\/\" class=\"block-link\">\n                       \n                        <h3>Coordonnateur inventaires et planification<\/h3>\n\n                        <p><p>Postes disponibles [carriere_listing]Candidatures spontan\u00e9es Communiquez avec nos experts Si vous avez des questions, n\u2019h\u00e9sitez pas \u00e0 communiquer avec nous\u00a0!<\/p>\n<\/p>                    <\/a>\n            \n                    <div class=\"more-link\"><a class=\"et_pb_button\" href=\"https:\/\/www.walkerglass.com\/fr\/emploi\/coordonnateur-inventaires-et-planification\/\">Lire plus<\/a><\/div>\n\n                    <\/article> \n                    \n                    <article id=\"post-32544\" class=\"post-3476 page type-page status-publish hentry\">\n                    <a href=\"https:\/\/www.walkerglass.com\/fr\/emploi\/coordinateur-maintenance-et-fiabilite\/\" class=\"block-link\">\n                       \n                        <h3>Coordinateur maintenance et fiabilit\u00e9<\/h3>\n\n                        <p><p>Postes disponibles [carriere_listing]Candidatures spontan\u00e9es Communiquez avec nos experts Si vous avez des questions, n\u2019h\u00e9sitez pas \u00e0 communiquer avec nous\u00a0!<\/p>\n<\/p>                    <\/a>\n            \n                    <div class=\"more-link\"><a class=\"et_pb_button\" href=\"https:\/\/www.walkerglass.com\/fr\/emploi\/coordinateur-maintenance-et-fiabilite\/\">Lire plus<\/a><\/div>\n\n                    <\/article> \n                    <div class='clear'><\/div><\/div> \n            <\/div>\n            <div class='clear'><\/div>  <!-- En cat-content -->\n            \n\n\n<\/div>Candidatures spontan\u00e9es Communiquez avec nos experts Si vous avez des questions, n\u2019h\u00e9sitez pas \u00e0 communiquer avec nous\u00a0!<\/p>\n","protected":false},"author":9,"featured_media":0,"parent":3120,"menu_order":0,"comment_status":"closed","ping_status":"open","template":"","meta":{"_acf_changed":false,"_et_pb_use_builder":"on","_et_pb_old_content":"","_et_gb_content_width":"","footnotes":""},"class_list":["post-3476","page","type-page","status-publish","hentry"],"acf":[],"yoast_head":"<!-- This site is optimized with the Yoast SEO plugin v27.5 - https:\/\/yoast.com\/product\/yoast-seo-wordpress\/ -->\n<title>Postes disponibles | Verrerie Walker<\/title>\n<meta name=\"robots\" content=\"index, follow, max-snippet:-1, max-image-preview:large, max-video-preview:-1\" \/>\n<link rel=\"canonical\" href=\"https:\/\/www.walkerglass.com\/fr\/carriere\/postes-disponibles\/\" \/>\n<meta property=\"og:locale\" content=\"fr_FR\" \/>\n<meta property=\"og:type\" content=\"article\" \/>\n<meta property=\"og:title\" content=\"Postes disponibles | Verrerie Walker\" \/>\n<meta property=\"og:description\" content=\"Postes disponibles Candidatures spontan\u00e9es Communiquez avec nos experts Si vous avez des questions, n\u2019h\u00e9sitez pas \u00e0 communiquer avec nous\u00a0!\" \/>\n<meta property=\"og:url\" content=\"https:\/\/www.walkerglass.com\/fr\/carriere\/postes-disponibles\/\" \/>\n<meta property=\"og:site_name\" content=\"Verrerie Walker\" \/>\n<meta property=\"article:publisher\" content=\"https:\/\/www.facebook.com\/WalkerGlassCo\/\" \/>\n<meta property=\"article:modified_time\" content=\"2026-02-18T20:25:20+00:00\" \/>\n<meta property=\"og:image\" content=\"https:\/\/www.walkerglass.com\/wp-content\/uploads\/2020\/03\/home-2-low-e-coated-acid-etched-glass.jpg\" \/>\n\t<meta property=\"og:image:width\" content=\"1743\" \/>\n\t<meta property=\"og:image:height\" content=\"910\" \/>\n\t<meta property=\"og:image:type\" content=\"image\/jpeg\" \/>\n<meta name=\"twitter:card\" content=\"summary_large_image\" \/>\n<meta name=\"twitter:site\" content=\"@WalkerTextures\" \/>\n<meta name=\"twitter:label1\" content=\"Dur\u00e9e de lecture estim\u00e9e\" \/>\n\t<meta name=\"twitter:data1\" content=\"1 minute\" \/>\n<script type=\"application\/ld+json\" class=\"yoast-schema-graph\">{\"@context\":\"https:\\\/\\\/schema.org\",\"@graph\":[{\"@type\":\"WebPage\",\"@id\":\"https:\\\/\\\/www.walkerglass.com\\\/fr\\\/carriere\\\/postes-disponibles\\\/\",\"url\":\"https:\\\/\\\/www.walkerglass.com\\\/fr\\\/carriere\\\/postes-disponibles\\\/\",\"name\":\"Postes disponibles | Verrerie Walker\",\"isPartOf\":{\"@id\":\"https:\\\/\\\/www.walkerglass.com\\\/#website\"},\"datePublished\":\"2019-03-22T13:26:44+00:00\",\"dateModified\":\"2026-02-18T20:25:20+00:00\",\"breadcrumb\":{\"@id\":\"https:\\\/\\\/www.walkerglass.com\\\/fr\\\/carriere\\\/postes-disponibles\\\/#breadcrumb\"},\"inLanguage\":\"fr-FR\",\"potentialAction\":[{\"@type\":\"ReadAction\",\"target\":[\"https:\\\/\\\/www.walkerglass.com\\\/fr\\\/carriere\\\/postes-disponibles\\\/\"]}]},{\"@type\":\"BreadcrumbList\",\"@id\":\"https:\\\/\\\/www.walkerglass.com\\\/fr\\\/carriere\\\/postes-disponibles\\\/#breadcrumb\",\"itemListElement\":[{\"@type\":\"ListItem\",\"position\":1,\"name\":\"Accueil\"},{\"@type\":\"ListItem\",\"position\":2,\"name\":\"Carri\u00e8re\",\"item\":\"https:\\\/\\\/www.walkerglass.com\\\/fr\\\/carriere\\\/\"},{\"@type\":\"ListItem\",\"position\":3,\"name\":\"Postes disponibles\"}]},{\"@type\":\"WebSite\",\"@id\":\"https:\\\/\\\/www.walkerglass.com\\\/#website\",\"url\":\"https:\\\/\\\/www.walkerglass.com\\\/\",\"name\":\"Verrerie Walker\",\"description\":\"\",\"publisher\":{\"@id\":\"https:\\\/\\\/www.walkerglass.com\\\/#organization\"},\"potentialAction\":[{\"@type\":\"SearchAction\",\"target\":{\"@type\":\"EntryPoint\",\"urlTemplate\":\"https:\\\/\\\/www.walkerglass.com\\\/?s={search_term_string}\"},\"query-input\":{\"@type\":\"PropertyValueSpecification\",\"valueRequired\":true,\"valueName\":\"search_term_string\"}}],\"inLanguage\":\"fr-FR\"},{\"@type\":\"Organization\",\"@id\":\"https:\\\/\\\/www.walkerglass.com\\\/#organization\",\"name\":\"Verrerie Walker\",\"url\":\"https:\\\/\\\/www.walkerglass.com\\\/\",\"logo\":{\"@type\":\"ImageObject\",\"inLanguage\":\"fr-FR\",\"@id\":\"https:\\\/\\\/www.walkerglass.com\\\/#\\\/schema\\\/logo\\\/image\\\/\",\"url\":\"https:\\\/\\\/www.walkerglass.com\\\/wp-content\\\/uploads\\\/2021\\\/03\\\/logo-walker-noir-1.png\",\"contentUrl\":\"https:\\\/\\\/www.walkerglass.com\\\/wp-content\\\/uploads\\\/2021\\\/03\\\/logo-walker-noir-1.png\",\"width\":2048,\"height\":282,\"caption\":\"Verrerie Walker\"},\"image\":{\"@id\":\"https:\\\/\\\/www.walkerglass.com\\\/#\\\/schema\\\/logo\\\/image\\\/\"},\"sameAs\":[\"https:\\\/\\\/www.facebook.com\\\/WalkerGlassCo\\\/\",\"https:\\\/\\\/x.com\\\/WalkerTextures\",\"https:\\\/\\\/www.instagram.com\\\/walkerglassco\\\/\",\"https:\\\/\\\/ca.linkedin.com\\\/company\\\/walker-glass\",\"https:\\\/\\\/www.youtube.com\\\/user\\\/WalkerGlassTextures\"]}]}<\/script>\n<!-- \/ Yoast SEO plugin. -->","yoast_head_json":{"title":"Postes disponibles | Verrerie Walker","robots":{"index":"index","follow":"follow","max-snippet":"max-snippet:-1","max-image-preview":"max-image-preview:large","max-video-preview":"max-video-preview:-1"},"canonical":"https:\/\/www.walkerglass.com\/fr\/carriere\/postes-disponibles\/","og_locale":"fr_FR","og_type":"article","og_title":"Postes disponibles | Verrerie Walker","og_description":"Postes disponibles Candidatures spontan\u00e9es Communiquez avec nos experts Si vous avez des questions, n\u2019h\u00e9sitez pas \u00e0 communiquer avec nous\u00a0!","og_url":"https:\/\/www.walkerglass.com\/fr\/carriere\/postes-disponibles\/","og_site_name":"Verrerie Walker","article_publisher":"https:\/\/www.facebook.com\/WalkerGlassCo\/","article_modified_time":"2026-02-18T20:25:20+00:00","og_image":[{"width":1743,"height":910,"url":"https:\/\/www.walkerglass.com\/wp-content\/uploads\/2020\/03\/home-2-low-e-coated-acid-etched-glass.jpg","type":"image\/jpeg"}],"twitter_card":"summary_large_image","twitter_site":"@WalkerTextures","twitter_misc":{"Dur\u00e9e de lecture estim\u00e9e":"1 minute"},"schema":{"@context":"https:\/\/schema.org","@graph":[{"@type":"WebPage","@id":"https:\/\/www.walkerglass.com\/fr\/carriere\/postes-disponibles\/","url":"https:\/\/www.walkerglass.com\/fr\/carriere\/postes-disponibles\/","name":"Postes disponibles | Verrerie Walker","isPartOf":{"@id":"https:\/\/www.walkerglass.com\/#website"},"datePublished":"2019-03-22T13:26:44+00:00","dateModified":"2026-02-18T20:25:20+00:00","breadcrumb":{"@id":"https:\/\/www.walkerglass.com\/fr\/carriere\/postes-disponibles\/#breadcrumb"},"inLanguage":"fr-FR","potentialAction":[{"@type":"ReadAction","target":["https:\/\/www.walkerglass.com\/fr\/carriere\/postes-disponibles\/"]}]},{"@type":"BreadcrumbList","@id":"https:\/\/www.walkerglass.com\/fr\/carriere\/postes-disponibles\/#breadcrumb","itemListElement":[{"@type":"ListItem","position":1,"name":"Accueil"},{"@type":"ListItem","position":2,"name":"Carri\u00e8re","item":"https:\/\/www.walkerglass.com\/fr\/carriere\/"},{"@type":"ListItem","position":3,"name":"Postes disponibles"}]},{"@type":"WebSite","@id":"https:\/\/www.walkerglass.com\/#website","url":"https:\/\/www.walkerglass.com\/","name":"Verrerie Walker","description":"","publisher":{"@id":"https:\/\/www.walkerglass.com\/#organization"},"potentialAction":[{"@type":"SearchAction","target":{"@type":"EntryPoint","urlTemplate":"https:\/\/www.walkerglass.com\/?s={search_term_string}"},"query-input":{"@type":"PropertyValueSpecification","valueRequired":true,"valueName":"search_term_string"}}],"inLanguage":"fr-FR"},{"@type":"Organization","@id":"https:\/\/www.walkerglass.com\/#organization","name":"Verrerie Walker","url":"https:\/\/www.walkerglass.com\/","logo":{"@type":"ImageObject","inLanguage":"fr-FR","@id":"https:\/\/www.walkerglass.com\/#\/schema\/logo\/image\/","url":"https:\/\/www.walkerglass.com\/wp-content\/uploads\/2021\/03\/logo-walker-noir-1.png","contentUrl":"https:\/\/www.walkerglass.com\/wp-content\/uploads\/2021\/03\/logo-walker-noir-1.png","width":2048,"height":282,"caption":"Verrerie Walker"},"image":{"@id":"https:\/\/www.walkerglass.com\/#\/schema\/logo\/image\/"},"sameAs":["https:\/\/www.facebook.com\/WalkerGlassCo\/","https:\/\/x.com\/WalkerTextures","https:\/\/www.instagram.com\/walkerglassco\/","https:\/\/ca.linkedin.com\/company\/walker-glass","https:\/\/www.youtube.com\/user\/WalkerGlassTextures"]}]}},"_links":{"self":[{"href":"https:\/\/www.walkerglass.com\/fr\/wp-json\/wp\/v2\/pages\/3476","targetHints":{"allow":["GET"]}}],"collection":[{"href":"https:\/\/www.walkerglass.com\/fr\/wp-json\/wp\/v2\/pages"}],"about":[{"href":"https:\/\/www.walkerglass.com\/fr\/wp-json\/wp\/v2\/types\/page"}],"author":[{"embeddable":true,"href":"https:\/\/www.walkerglass.com\/fr\/wp-json\/wp\/v2\/users\/9"}],"replies":[{"embeddable":true,"href":"https:\/\/www.walkerglass.com\/fr\/wp-json\/wp\/v2\/comments?post=3476"}],"version-history":[{"count":12,"href":"https:\/\/www.walkerglass.com\/fr\/wp-json\/wp\/v2\/pages\/3476\/revisions"}],"predecessor-version":[{"id":32548,"href":"https:\/\/www.walkerglass.com\/fr\/wp-json\/wp\/v2\/pages\/3476\/revisions\/32548"}],"up":[{"embeddable":true,"href":"https:\/\/www.walkerglass.com\/fr\/wp-json\/wp\/v2\/pages\/3120"}],"wp:attachment":[{"href":"https:\/\/www.walkerglass.com\/fr\/wp-json\/wp\/v2\/media?parent=3476"}],"curies":[{"name":"wp","href":"https:\/\/api.w.org\/{rel}","templated":true}]}}