{"id":3019,"date":"2019-03-14T18:14:54","date_gmt":"2019-03-14T22:14:54","guid":{"rendered":"http:\/\/www.walkerglass.com\/?page_id=3019"},"modified":"2023-04-24T10:01:39","modified_gmt":"2023-04-24T14:01:39","slug":"formation","status":"publish","type":"page","link":"https:\/\/www.walkerglass.com\/fr\/transformateurs-de-verre\/formation\/","title":{"rendered":"Formation"},"content":{"rendered":"\t\t<div class=\"et_pb_section et_pb_with_background et_section_regular breadcrumbs_section\">\n\t\t\t<div class=\" et_pb_row breadcrumbs_row\">\n\t\t\t\t<div class=\"et_pb_column et_pb_column_4_4 breadcrumbs_column\">\n\t\t\t\t\t<div class=\"et_pb_code et_pb_module breadcrumbs_module\">\n\t\t\t\t\t\t<span><span>Accueil<\/span><\/span>\t\t\t\t\t<\/div> <!-- .et_pb_code -->\n\t\t\t\t<\/div> <!-- .et_pb_column -->\n\t\t\t<\/div> <!-- .et_pb_row -->\n\t\t<\/div>\n\t\t<p>[et_pb_section fb_built=\u00a0\u00bb1&Prime; _builder_version=\u00a0\u00bb4.20.2&Prime; hover_enabled=\u00a0\u00bb0&Prime; global_colors_info=\u00a0\u00bb{}\u00a0\u00bb module_alignment=\u00a0\u00bbcenter\u00a0\u00bb sticky_enabled=\u00a0\u00bb0&Prime;][et_pb_row _builder_version=\u00a0\u00bb4.16&Prime; max_width=\u00a0\u00bb655px\u00a0\u00bb custom_padding=\u00a0\u00bb||0px|\u00a0\u00bb use_custom_width=\u00a0\u00bbon\u00a0\u00bb custom_width_px=\u00a0\u00bb655px\u00a0\u00bb global_colors_info=\u00a0\u00bb{}\u00a0\u00bb][et_pb_column type=\u00a0\u00bb4_4&Prime; _builder_version=\u00a0\u00bb4.16&Prime; custom_padding=\u00a0\u00bb|||\u00a0\u00bb global_colors_info=\u00a0\u00bb{}\u00a0\u00bb custom_padding__hover=\u00a0\u00bb|||\u00a0\u00bb][et_pb_text admin_label=\u00a0\u00bbFormation\u00a0\u00bb _builder_version=\u00a0\u00bb4.16&Prime; text_orientation=\u00a0\u00bbcenter\u00a0\u00bb global_colors_info=\u00a0\u00bb{}\u00a0\u00bb]<\/p>\n<h1>Formation<\/h1>\n<p>En tant que transformateur, vous n&rsquo;\u00eates peut-\u00eatre pas familier avec notre gamme compl\u00e8te de produits, ce qui est tout \u00e0 fait compr\u00e9hensible. Le programme de <strong>formation pour les transformateurs<\/strong> qu\u2019offre Walker est sp\u00e9cialement adapt\u00e9 \u00e0 vos besoins. Celui-ci permettra \u00e0 votre \u00e9quipe d\u2019en apprendre davantage sur nos gammes de produits. Nous offrons la possibilit\u00e9 de travailler avec vos \u00e9quipes du service \u00e0 la client\u00e8le ou des ventes, soit en personne ou via un s\u00e9minaire en ligne afin de vous fournir toutes les informations dont vous avez besoin pour remporter votre part de commandes.<\/p>\n<p>[\/et_pb_text][\/et_pb_column][\/et_pb_row][\/et_pb_section][et_pb_section fb_built=\u00a0\u00bb1&Prime; _builder_version=\u00a0\u00bb4.20.2&Prime; background_image=\u00a0\u00bbhttps:\/\/walkerglass.com\/wp-content\/uploads\/2019\/03\/cupe-clear-and-blue-satin-solarban-60-4-2.jpg\u00a0\u00bb custom_margin=\u00a0\u00bb27px|3%|27px|3%\u00a0\u00bb custom_margin_tablet=\u00a0\u00bb|0px||0px\u00a0\u00bb custom_margin_phone=\u00a0\u00bb\u00a0\u00bb custom_margin_last_edited=\u00a0\u00bbon|desktop\u00a0\u00bb hover_enabled=\u00a0\u00bb0&Prime; global_colors_info=\u00a0\u00bb{}\u00a0\u00bb module_alignment=\u00a0\u00bbcenter\u00a0\u00bb sticky_enabled=\u00a0\u00bb0&Prime;][et_pb_row custom_padding_last_edited=\u00a0\u00bbon|desktop\u00a0\u00bb admin_label=\u00a0\u00bbrow\u00a0\u00bb _builder_version=\u00a0\u00bb4.16&Prime; background_size=\u00a0\u00bbinitial\u00a0\u00bb background_position=\u00a0\u00bbtop_left\u00a0\u00bb background_repeat=\u00a0\u00bbrepeat\u00a0\u00bb custom_padding=\u00a0\u00bb360px||54px|\u00a0\u00bb custom_padding_tablet=\u00a0\u00bb250px||54px|\u00a0\u00bb custom_padding_phone=\u00a0\u00bb125px||54px|\u00a0\u00bb width_unit=\u00a0\u00bboff\u00a0\u00bb custom_width_percent=\u00a0\u00bb70%\u00a0\u00bb global_colors_info=\u00a0\u00bb{}\u00a0\u00bb][et_pb_column type=\u00a0\u00bb4_4&Prime; _builder_version=\u00a0\u00bb4.16&Prime; custom_padding=\u00a0\u00bb|||\u00a0\u00bb global_colors_info=\u00a0\u00bb{}\u00a0\u00bb custom_padding__hover=\u00a0\u00bb|||\u00a0\u00bb][et_pb_text admin_label=\u00a0\u00bbPartageons les possibilit\u00e9s \u00a0\u00bb _builder_version=\u00a0\u00bb4.16&Prime; text_font=\u00a0\u00bb|300|||||||\u00a0\u00bb text_text_color=\u00a0\u00bb#000000&Prime; text_font_size=\u00a0\u00bb50&Prime; text_line_height=\u00a0\u00bb1.3em\u00a0\u00bb background_color=\u00a0\u00bbrgba(255,255,255,0.8)\u00a0\u00bb background_size=\u00a0\u00bbinitial\u00a0\u00bb background_position=\u00a0\u00bbtop_left\u00a0\u00bb background_repeat=\u00a0\u00bbrepeat\u00a0\u00bb custom_padding=\u00a0\u00bb16px|27px|16px|27px\u00a0\u00bb text_font_size_tablet=\u00a0\u00bb36&Prime; text_font_size_phone=\u00a0\u00bb24&Prime; text_font_size_last_edited=\u00a0\u00bbon|phone\u00a0\u00bb custom_css_main_element=\u00a0\u00bbdisplay: inline-block;\u00a0\u00bb use_border_color=\u00a0\u00bboff\u00a0\u00bb global_colors_info=\u00a0\u00bb{}\u00a0\u00bb]<\/p>\n<p>Partageons les possibilit\u00e9s<\/p>\n<p>[\/et_pb_text][\/et_pb_column][\/et_pb_row][\/et_pb_section][et_pb_section fb_built=\u00a0\u00bb1&Prime; _builder_version=\u00a0\u00bb4.20.2&Prime; custom_padding=\u00a0\u00bb0px|||\u00a0\u00bb hover_enabled=\u00a0\u00bb0&Prime; global_colors_info=\u00a0\u00bb{}\u00a0\u00bb module_alignment=\u00a0\u00bbcenter\u00a0\u00bb sticky_enabled=\u00a0\u00bb0&Prime;][et_pb_row custom_padding_last_edited=\u00a0\u00bbon|phone\u00a0\u00bb _builder_version=\u00a0\u00bb4.16&Prime; custom_padding_tablet=\u00a0\u00bb\u00a0\u00bb custom_padding_phone=\u00a0\u00bb||27px|\u00a0\u00bb custom_width_px=\u00a0\u00bb900px\u00a0\u00bb global_colors_info=\u00a0\u00bb{}\u00a0\u00bb][et_pb_column type=\u00a0\u00bb4_4&Prime; _builder_version=\u00a0\u00bb4.16&Prime; custom_padding=\u00a0\u00bb|||\u00a0\u00bb global_colors_info=\u00a0\u00bb{}\u00a0\u00bb custom_padding__hover=\u00a0\u00bb|||\u00a0\u00bb][et_pb_text admin_label=\u00a0\u00bbL\u2019\u00e9quipe de repr\u00e9sentants architecturaux de Walker &#8230;\u00a0\u00bb _builder_version=\u00a0\u00bb4.20.2&Prime; max_width=\u00a0\u00bb800px\u00a0\u00bb hover_enabled=\u00a0\u00bb0&Prime; global_colors_info=\u00a0\u00bb{}\u00a0\u00bb module_alignment=\u00a0\u00bbcenter\u00a0\u00bb sticky_enabled=\u00a0\u00bb0&Prime;]<\/p>\n<p>L\u2019\u00e9quipe de repr\u00e9sentants architecturaux de Walker travaille en \u00e9troite collaboration avec des architectes partout en Am\u00e9rique du Nord pour explorer leurs besoins en mati\u00e8re de conception et les assister dans la sp\u00e9cification de nos produits pour des applications int\u00e9rieures et ext\u00e9rieures. Lorsque nos produits sont sp\u00e9cifi\u00e9s dans un projet, notre objectif est de vous donner les meilleures chances de l&rsquo;obtenir.<\/p>\n<p>C\u2019est pourquoi nous avons mis au point deux formations pour vous aider \u00e0 vous familiariser avec nos produits. Nous sommes \u00e9galement heureux de personnaliser une session de formation en fonction de vos besoins sp\u00e9cifiques.<\/p>\n<p>[\/et_pb_text][\/et_pb_column][\/et_pb_row][et_pb_row custom_padding_last_edited=\u00a0\u00bbon|phone\u00a0\u00bb _builder_version=\u00a0\u00bb4.16&Prime; custom_padding_tablet=\u00a0\u00bb\u00a0\u00bb custom_padding_phone=\u00a0\u00bb||27px|\u00a0\u00bb global_colors_info=\u00a0\u00bb{}\u00a0\u00bb][et_pb_column type=\u00a0\u00bb4_4&Prime; _builder_version=\u00a0\u00bb4.16&Prime; custom_padding=\u00a0\u00bb|||\u00a0\u00bb global_colors_info=\u00a0\u00bb{}\u00a0\u00bb custom_padding__hover=\u00a0\u00bb|||\u00a0\u00bb][et_pb_text admin_label=\u00a0\u00bbApplications, sp\u00e9cifications, soumissions\u00a0\u00bb _builder_version=\u00a0\u00bb4.20.2&Prime; max_width=\u00a0\u00bb800px\u00a0\u00bb hover_enabled=\u00a0\u00bb0&Prime; global_colors_info=\u00a0\u00bb{}\u00a0\u00bb module_alignment=\u00a0\u00bbcenter\u00a0\u00bb sticky_enabled=\u00a0\u00bb0&Prime;]<\/p>\n<h2>Applications, sp\u00e9cifications, soumissions, exp\u00e9dition et manutention des produits Walker et Walker Textures.<\/h2>\n<p>Apr\u00e8s un aper\u00e7u des gammes de produits Walker, nous abordons l\u2019essentiel de la pr\u00e9sentation soit les applications, directives pour les produits, l\u2019entreposage, les garanties, le processus de soumission, d\u2019exp\u00e9dition, de manutention, etc. Nous pr\u00e9sentons des r\u00e9alisations qui inspirent des discussions interactives. L\u2019objectif est de vous donner l\u2019information et la confiance n\u00e9cessaires pour soumissionner vos projets avec pr\u00e9cision et qui\u00e9tude.<\/p>\n<p>[\/et_pb_text][\/et_pb_column][\/et_pb_row][et_pb_row _builder_version=\u00a0\u00bb4.16&Prime; global_colors_info=\u00a0\u00bb{}\u00a0\u00bb][et_pb_column type=\u00a0\u00bb4_4&Prime; _builder_version=\u00a0\u00bb4.16&Prime; custom_padding=\u00a0\u00bb|||\u00a0\u00bb global_colors_info=\u00a0\u00bb{}\u00a0\u00bb custom_padding__hover=\u00a0\u00bb|||\u00a0\u00bb][et_pb_text admin_label=\u00a0\u00bbOffre et r\u00e9glementation pour la s\u00e9curit\u00e9 des oiseaux\u00a0\u00bb _builder_version=\u00a0\u00bb4.20.2&Prime; max_width=\u00a0\u00bb800px\u00a0\u00bb hover_enabled=\u00a0\u00bb0&Prime; global_colors_info=\u00a0\u00bb{}\u00a0\u00bb module_alignment=\u00a0\u00bbcenter\u00a0\u00bb sticky_enabled=\u00a0\u00bb0&Prime;]<\/p>\n<h2>Offre et r\u00e9glementation pour la s\u00e9curit\u00e9 des oiseaux<\/h2>\n<p>On retrouve de plus en plus, en Am\u00e9rique du Nord, de la r\u00e9glementation aux niveaux municipal, r\u00e9gional, provincial et national qui exige l\u2019utilisation de verre pour la s\u00e9curit\u00e9 des oiseaux, cr\u00e9ant ainsi un march\u00e9 en forte croissance. Walker est reconnue comme le chef de file dans le march\u00e9 nord-am\u00e9ricain du verre pour la s\u00e9curit\u00e9 des oiseaux. Nous estimons qu\u2019il est de notre responsabilit\u00e9 d\u2019\u00e9duquer et d\u2019informer nos clients transformateurs sur le sujet, les r\u00e9glementations locales, les options de produits que nous proposons pour respecter ces r\u00e9glementations et la mani\u00e8re dont vous pouvez d\u00e9crocher des contrats en travaillant avec nous.<\/p>\n<p>Notre programme de formation passe en revue l\u2019ensemble de nos produits et vous explique tout ce que vous devez savoir, y compris leurs caract\u00e9ristiques en rapport avec les r\u00e9glementations locales, nos programmes, leur garantie, les instructions d&rsquo;exp\u00e9dition et de manutention. L\u2019objectif est d\u2019avoir une \u00e9quipe confiante et bien inform\u00e9e afin de pouvoir soumissionner sur des projets pour la s\u00e9curit\u00e9 des oiseaux utilisant les produits Walker con\u00e7us sp\u00e9cifiquement \u00e0 cet effet.<\/p>\n<p>[\/et_pb_text][\/et_pb_column][\/et_pb_row][\/et_pb_section][et_pb_section fb_built=\u00a0\u00bb1&Prime; custom_padding_last_edited=\u00a0\u00bbon|tablet\u00a0\u00bb _builder_version=\u00a0\u00bb4.20.2&Prime; background_image=\u00a0\u00bbhttps:\/\/walkerglass.com\/wp-content\/uploads\/2019\/02\/section-background-who-we-are-and-contact-our-experts.jpg\u00a0\u00bb custom_padding=\u00a0\u00bb54px||54px|\u00a0\u00bb custom_padding_tablet=\u00a0\u00bb0px||0px|\u00a0\u00bb custom_padding_phone=\u00a0\u00bb\u00a0\u00bb hover_enabled=\u00a0\u00bb0&Prime; global_colors_info=\u00a0\u00bb{}\u00a0\u00bb background_size=\u00a0\u00bbcover\u00a0\u00bb background_repeat=\u00a0\u00bbno-repeat\u00a0\u00bb width=\u00a0\u00bb100%\u00a0\u00bb max_width=\u00a0\u00bb2518px\u00a0\u00bb sticky_enabled=\u00a0\u00bb0&Prime;][et_pb_row use_custom_gutter=\u00a0\u00bbon\u00a0\u00bb gutter_width=\u00a0\u00bb1&Prime; make_equal=\u00a0\u00bbon\u00a0\u00bb custom_padding_last_edited=\u00a0\u00bboff|\u00a0\u00bb disabled_on=\u00a0\u00bbon|on|\u00a0\u00bb _builder_version=\u00a0\u00bb4.16&Prime; max_width=\u00a0\u00bb1330px\u00a0\u00bb module_alignment=\u00a0\u00bbcenter\u00a0\u00bb custom_padding=\u00a0\u00bb0px||0px|\u00a0\u00bb use_custom_width=\u00a0\u00bbon\u00a0\u00bb custom_width_px=\u00a0\u00bb1330px\u00a0\u00bb global_colors_info=\u00a0\u00bb{}\u00a0\u00bb column_structure=\u00a0\u00bb1_2,1_2&Prime;][et_pb_column type=\u00a0\u00bb1_2&Prime; _builder_version=\u00a0\u00bb4.16&Prime; background_color=\u00a0\u00bbrgba(190,203,217,0.95)\u00a0\u00bb custom_padding=\u00a0\u00bb54px|8%|54px|8%\u00a0\u00bb global_colors_info=\u00a0\u00bb{}\u00a0\u00bb custom_padding__hover=\u00a0\u00bb|||\u00a0\u00bb][et_pb_text admin_label=\u00a0\u00bbNos repr\u00e9sentants des ventes  (desktop)\u00a0\u00bb _builder_version=\u00a0\u00bb4.16&Prime; text_orientation=\u00a0\u00bbcenter\u00a0\u00bb global_colors_info=\u00a0\u00bb{}\u00a0\u00bb]<\/p>\n<h2>Nos repr\u00e9sentants des&nbsp;ventes<\/h2>\n<p>Veuillez contacter votre repr\u00e9sentant des ventes Walker pour r\u00e9server une session de formation&nbsp;!<\/p>\n<p>[\/et_pb_text][et_pb_button button_url=\u00a0\u00bb\/fr\/transformateurs-de-verre\/equipe-ventes\/\u00a0\u00bb button_text=\u00a0\u00bbRencontrez notre \u00e9quipe\u00a0\u00bb button_alignment=\u00a0\u00bbcenter\u00a0\u00bb admin_label=\u00a0\u00bbRencontrez notre \u00e9quipe (desktop)\u00a0\u00bb module_class=\u00a0\u00bbgray-button\u00a0\u00bb _builder_version=\u00a0\u00bb4.16&Prime; background_layout=\u00a0\u00bbdark\u00a0\u00bb global_colors_info=\u00a0\u00bb{}\u00a0\u00bb][\/et_pb_button][\/et_pb_column][et_pb_column type=\u00a0\u00bb1_2&Prime; _builder_version=\u00a0\u00bb4.16&Prime; background_color=\u00a0\u00bbrgba(62,85,110,0.95)\u00a0\u00bb custom_padding=\u00a0\u00bb54px|10%|54px|10%\u00a0\u00bb global_colors_info=\u00a0\u00bb{}\u00a0\u00bb custom_padding__hover=\u00a0\u00bb|||\u00a0\u00bb][et_pb_text admin_label=\u00a0\u00bbCommuniquez avec nos experts (desktop)\u00a0\u00bb _builder_version=\u00a0\u00bb4.16&Prime; text_orientation=\u00a0\u00bbcenter\u00a0\u00bb background_layout=\u00a0\u00bbdark\u00a0\u00bb global_colors_info=\u00a0\u00bb{}\u00a0\u00bb]<\/p>\n<h2>Communiquez avec nos experts<\/h2>\n<p>Si vous avez des questions, n\u2019h\u00e9sitez pas \u00e0 communiquer avec nous&nbsp;!<\/p>\n<p>[\/et_pb_text][et_pb_button button_url=\u00a0\u00bb\/fr\/contact\/\u00a0\u00bb button_text=\u00a0\u00bbContactez-nous\u00a0\u00bb button_alignment=\u00a0\u00bbcenter\u00a0\u00bb admin_label=\u00a0\u00bbContactez-nous (desktop)\u00a0\u00bb _builder_version=\u00a0\u00bb4.16&Prime; background_layout=\u00a0\u00bbdark\u00a0\u00bb global_colors_info=\u00a0\u00bb{}\u00a0\u00bb][\/et_pb_button][\/et_pb_column][\/et_pb_row][\/et_pb_section]<\/p>\n","protected":false},"excerpt":{"rendered":"<p>Formation En tant que transformateur, vous n&rsquo;\u00eates peut-\u00eatre pas familier avec notre gamme compl\u00e8te de produits, ce qui est tout \u00e0 fait compr\u00e9hensible. Le programme de formation pour les transformateurs qu\u2019offre Walker est sp\u00e9cialement adapt\u00e9 \u00e0 vos besoins. Celui-ci permettra \u00e0 votre \u00e9quipe d\u2019en apprendre davantage sur nos gammes de produits. Nous offrons la possibilit\u00e9 [&hellip;]<\/p>\n","protected":false},"author":9,"featured_media":0,"parent":3011,"menu_order":0,"comment_status":"closed","ping_status":"open","template":"","meta":{"_acf_changed":false,"_et_pb_use_builder":"on","_et_pb_old_content":"","_et_gb_content_width":"","footnotes":""},"class_list":["post-3019","page","type-page","status-publish","hentry"],"acf":[],"yoast_head":"<!-- This site is optimized with the Yoast SEO plugin v26.9 - https:\/\/yoast.com\/product\/yoast-seo-wordpress\/ -->\n<title>Nos Formations | Verrerie Walker<\/title>\n<meta name=\"description\" content=\"Nos formations pour les transformateurs sont sp\u00e9cialement adapt\u00e9es \u00e0 vos besoins et permettra \u00e0 votre \u00e9quipe d\u2019en apprendre davantage sur nos produits.\" \/>\n<meta name=\"robots\" content=\"index, follow, max-snippet:-1, max-image-preview:large, max-video-preview:-1\" \/>\n<link rel=\"canonical\" href=\"https:\/\/www.walkerglass.com\/fr\/transformateurs-de-verre\/formation\/\" \/>\n<meta property=\"og:locale\" content=\"fr_FR\" \/>\n<meta property=\"og:type\" content=\"article\" \/>\n<meta property=\"og:title\" content=\"Nos Formations | Verrerie Walker\" \/>\n<meta property=\"og:description\" content=\"Nos formations pour les transformateurs sont sp\u00e9cialement adapt\u00e9es \u00e0 vos besoins et permettra \u00e0 votre \u00e9quipe d\u2019en apprendre davantage sur nos produits.\" \/>\n<meta property=\"og:url\" content=\"https:\/\/www.walkerglass.com\/fr\/transformateurs-de-verre\/formation\/\" \/>\n<meta property=\"og:site_name\" content=\"Verrerie Walker\" \/>\n<meta property=\"article:publisher\" content=\"https:\/\/www.facebook.com\/WalkerGlassCo\/\" \/>\n<meta property=\"article:modified_time\" content=\"2023-04-24T14:01:39+00:00\" \/>\n<meta property=\"og:image\" content=\"https:\/\/www.walkerglass.com\/wp-content\/uploads\/2020\/03\/home-2-low-e-coated-acid-etched-glass.jpg\" \/>\n\t<meta property=\"og:image:width\" content=\"1743\" \/>\n\t<meta property=\"og:image:height\" content=\"910\" \/>\n\t<meta property=\"og:image:type\" content=\"image\/jpeg\" \/>\n<meta name=\"twitter:card\" content=\"summary_large_image\" \/>\n<meta name=\"twitter:site\" content=\"@WalkerTextures\" \/>\n<meta name=\"twitter:label1\" content=\"Dur\u00e9e de lecture estim\u00e9e\" \/>\n\t<meta name=\"twitter:data1\" content=\"6 minutes\" \/>\n<script type=\"application\/ld+json\" class=\"yoast-schema-graph\">{\"@context\":\"https:\/\/schema.org\",\"@graph\":[{\"@type\":\"WebPage\",\"@id\":\"https:\/\/www.walkerglass.com\/fr\/transformateurs-de-verre\/formation\/\",\"url\":\"https:\/\/www.walkerglass.com\/fr\/transformateurs-de-verre\/formation\/\",\"name\":\"Nos Formations | Verrerie Walker\",\"isPartOf\":{\"@id\":\"https:\/\/www.walkerglass.com\/#website\"},\"datePublished\":\"2019-03-14T22:14:54+00:00\",\"dateModified\":\"2023-04-24T14:01:39+00:00\",\"description\":\"Nos formations pour les transformateurs sont sp\u00e9cialement adapt\u00e9es \u00e0 vos besoins et permettra \u00e0 votre \u00e9quipe d\u2019en apprendre davantage sur nos produits.\",\"breadcrumb\":{\"@id\":\"https:\/\/www.walkerglass.com\/fr\/transformateurs-de-verre\/formation\/#breadcrumb\"},\"inLanguage\":\"fr-FR\",\"potentialAction\":[{\"@type\":\"ReadAction\",\"target\":[\"https:\/\/www.walkerglass.com\/fr\/transformateurs-de-verre\/formation\/\"]}]},{\"@type\":\"BreadcrumbList\",\"@id\":\"https:\/\/www.walkerglass.com\/fr\/transformateurs-de-verre\/formation\/#breadcrumb\",\"itemListElement\":[{\"@type\":\"ListItem\",\"position\":1,\"name\":\"Accueil\"},{\"@type\":\"ListItem\",\"position\":2,\"name\":\"Transformateurs de verre\",\"item\":\"https:\/\/www.walkerglass.com\/fr\/transformateurs-de-verre\/\"},{\"@type\":\"ListItem\",\"position\":3,\"name\":\"Formation\"}]},{\"@type\":\"WebSite\",\"@id\":\"https:\/\/www.walkerglass.com\/#website\",\"url\":\"https:\/\/www.walkerglass.com\/\",\"name\":\"Verrerie Walker\",\"description\":\"\",\"publisher\":{\"@id\":\"https:\/\/www.walkerglass.com\/#organization\"},\"potentialAction\":[{\"@type\":\"SearchAction\",\"target\":{\"@type\":\"EntryPoint\",\"urlTemplate\":\"https:\/\/www.walkerglass.com\/?s={search_term_string}\"},\"query-input\":{\"@type\":\"PropertyValueSpecification\",\"valueRequired\":true,\"valueName\":\"search_term_string\"}}],\"inLanguage\":\"fr-FR\"},{\"@type\":\"Organization\",\"@id\":\"https:\/\/www.walkerglass.com\/#organization\",\"name\":\"Verrerie Walker\",\"url\":\"https:\/\/www.walkerglass.com\/\",\"logo\":{\"@type\":\"ImageObject\",\"inLanguage\":\"fr-FR\",\"@id\":\"https:\/\/www.walkerglass.com\/#\/schema\/logo\/image\/\",\"url\":\"https:\/\/www.walkerglass.com\/wp-content\/uploads\/2021\/03\/logo-walker-noir-1.png\",\"contentUrl\":\"https:\/\/www.walkerglass.com\/wp-content\/uploads\/2021\/03\/logo-walker-noir-1.png\",\"width\":2048,\"height\":282,\"caption\":\"Verrerie Walker\"},\"image\":{\"@id\":\"https:\/\/www.walkerglass.com\/#\/schema\/logo\/image\/\"},\"sameAs\":[\"https:\/\/www.facebook.com\/WalkerGlassCo\/\",\"https:\/\/x.com\/WalkerTextures\",\"https:\/\/www.instagram.com\/walkerglassco\/\",\"https:\/\/ca.linkedin.com\/company\/walker-glass\",\"https:\/\/www.youtube.com\/user\/WalkerGlassTextures\"]}]}<\/script>\n<!-- \/ Yoast SEO plugin. -->","yoast_head_json":{"title":"Nos Formations | Verrerie Walker","description":"Nos formations pour les transformateurs sont sp\u00e9cialement adapt\u00e9es \u00e0 vos besoins et permettra \u00e0 votre \u00e9quipe d\u2019en apprendre davantage sur nos produits.","robots":{"index":"index","follow":"follow","max-snippet":"max-snippet:-1","max-image-preview":"max-image-preview:large","max-video-preview":"max-video-preview:-1"},"canonical":"https:\/\/www.walkerglass.com\/fr\/transformateurs-de-verre\/formation\/","og_locale":"fr_FR","og_type":"article","og_title":"Nos Formations | Verrerie Walker","og_description":"Nos formations pour les transformateurs sont sp\u00e9cialement adapt\u00e9es \u00e0 vos besoins et permettra \u00e0 votre \u00e9quipe d\u2019en apprendre davantage sur nos produits.","og_url":"https:\/\/www.walkerglass.com\/fr\/transformateurs-de-verre\/formation\/","og_site_name":"Verrerie Walker","article_publisher":"https:\/\/www.facebook.com\/WalkerGlassCo\/","article_modified_time":"2023-04-24T14:01:39+00:00","og_image":[{"width":1743,"height":910,"url":"https:\/\/www.walkerglass.com\/wp-content\/uploads\/2020\/03\/home-2-low-e-coated-acid-etched-glass.jpg","type":"image\/jpeg"}],"twitter_card":"summary_large_image","twitter_site":"@WalkerTextures","twitter_misc":{"Dur\u00e9e de lecture estim\u00e9e":"6 minutes"},"schema":{"@context":"https:\/\/schema.org","@graph":[{"@type":"WebPage","@id":"https:\/\/www.walkerglass.com\/fr\/transformateurs-de-verre\/formation\/","url":"https:\/\/www.walkerglass.com\/fr\/transformateurs-de-verre\/formation\/","name":"Nos Formations | Verrerie Walker","isPartOf":{"@id":"https:\/\/www.walkerglass.com\/#website"},"datePublished":"2019-03-14T22:14:54+00:00","dateModified":"2023-04-24T14:01:39+00:00","description":"Nos formations pour les transformateurs sont sp\u00e9cialement adapt\u00e9es \u00e0 vos besoins et permettra \u00e0 votre \u00e9quipe d\u2019en apprendre davantage sur nos produits.","breadcrumb":{"@id":"https:\/\/www.walkerglass.com\/fr\/transformateurs-de-verre\/formation\/#breadcrumb"},"inLanguage":"fr-FR","potentialAction":[{"@type":"ReadAction","target":["https:\/\/www.walkerglass.com\/fr\/transformateurs-de-verre\/formation\/"]}]},{"@type":"BreadcrumbList","@id":"https:\/\/www.walkerglass.com\/fr\/transformateurs-de-verre\/formation\/#breadcrumb","itemListElement":[{"@type":"ListItem","position":1,"name":"Accueil"},{"@type":"ListItem","position":2,"name":"Transformateurs de verre","item":"https:\/\/www.walkerglass.com\/fr\/transformateurs-de-verre\/"},{"@type":"ListItem","position":3,"name":"Formation"}]},{"@type":"WebSite","@id":"https:\/\/www.walkerglass.com\/#website","url":"https:\/\/www.walkerglass.com\/","name":"Verrerie Walker","description":"","publisher":{"@id":"https:\/\/www.walkerglass.com\/#organization"},"potentialAction":[{"@type":"SearchAction","target":{"@type":"EntryPoint","urlTemplate":"https:\/\/www.walkerglass.com\/?s={search_term_string}"},"query-input":{"@type":"PropertyValueSpecification","valueRequired":true,"valueName":"search_term_string"}}],"inLanguage":"fr-FR"},{"@type":"Organization","@id":"https:\/\/www.walkerglass.com\/#organization","name":"Verrerie Walker","url":"https:\/\/www.walkerglass.com\/","logo":{"@type":"ImageObject","inLanguage":"fr-FR","@id":"https:\/\/www.walkerglass.com\/#\/schema\/logo\/image\/","url":"https:\/\/www.walkerglass.com\/wp-content\/uploads\/2021\/03\/logo-walker-noir-1.png","contentUrl":"https:\/\/www.walkerglass.com\/wp-content\/uploads\/2021\/03\/logo-walker-noir-1.png","width":2048,"height":282,"caption":"Verrerie Walker"},"image":{"@id":"https:\/\/www.walkerglass.com\/#\/schema\/logo\/image\/"},"sameAs":["https:\/\/www.facebook.com\/WalkerGlassCo\/","https:\/\/x.com\/WalkerTextures","https:\/\/www.instagram.com\/walkerglassco\/","https:\/\/ca.linkedin.com\/company\/walker-glass","https:\/\/www.youtube.com\/user\/WalkerGlassTextures"]}]}},"_links":{"self":[{"href":"https:\/\/www.walkerglass.com\/fr\/wp-json\/wp\/v2\/pages\/3019","targetHints":{"allow":["GET"]}}],"collection":[{"href":"https:\/\/www.walkerglass.com\/fr\/wp-json\/wp\/v2\/pages"}],"about":[{"href":"https:\/\/www.walkerglass.com\/fr\/wp-json\/wp\/v2\/types\/page"}],"author":[{"embeddable":true,"href":"https:\/\/www.walkerglass.com\/fr\/wp-json\/wp\/v2\/users\/9"}],"replies":[{"embeddable":true,"href":"https:\/\/www.walkerglass.com\/fr\/wp-json\/wp\/v2\/comments?post=3019"}],"version-history":[{"count":2,"href":"https:\/\/www.walkerglass.com\/fr\/wp-json\/wp\/v2\/pages\/3019\/revisions"}],"predecessor-version":[{"id":23788,"href":"https:\/\/www.walkerglass.com\/fr\/wp-json\/wp\/v2\/pages\/3019\/revisions\/23788"}],"up":[{"embeddable":true,"href":"https:\/\/www.walkerglass.com\/fr\/wp-json\/wp\/v2\/pages\/3011"}],"wp:attachment":[{"href":"https:\/\/www.walkerglass.com\/fr\/wp-json\/wp\/v2\/media?parent=3019"}],"curies":[{"name":"wp","href":"https:\/\/api.w.org\/{rel}","templated":true}]}}