{"id":3007,"date":"2019-03-14T18:06:07","date_gmt":"2019-03-14T22:06:07","guid":{"rendered":"http:\/\/www.walkerglass.com\/?page_id=3007"},"modified":"2023-04-24T09:49:44","modified_gmt":"2023-04-24T13:49:44","slug":"politique-echantillons-walker","status":"publish","type":"page","link":"https:\/\/www.walkerglass.com\/fr\/architectes\/politique-echantillons-walker\/","title":{"rendered":"\u00c9chantillons"},"content":{"rendered":"\t\t<div class=\"et_pb_section et_pb_with_background et_section_regular breadcrumbs_section\">\n\t\t\t<div class=\" et_pb_row breadcrumbs_row\">\n\t\t\t\t<div class=\"et_pb_column et_pb_column_4_4 breadcrumbs_column\">\n\t\t\t\t\t<div class=\"et_pb_code et_pb_module breadcrumbs_module\">\n\t\t\t\t\t\t<span><span>Accueil<\/span><\/span>\t\t\t\t\t<\/div> <!-- .et_pb_code -->\n\t\t\t\t<\/div> <!-- .et_pb_column -->\n\t\t\t<\/div> <!-- .et_pb_row -->\n\t\t<\/div>\n\t\t<p>[et_pb_section fb_built=\u00a0\u00bb1&Prime; _builder_version=\u00a0\u00bb4.20.2&Prime; hover_enabled=\u00a0\u00bb0&Prime; global_colors_info=\u00a0\u00bb{}\u00a0\u00bb module_alignment=\u00a0\u00bbcenter\u00a0\u00bb sticky_enabled=\u00a0\u00bb0&Prime;][et_pb_row _builder_version=\u00a0\u00bb4.16&Prime; max_width=\u00a0\u00bb655px\u00a0\u00bb custom_padding=\u00a0\u00bb||0px|\u00a0\u00bb use_custom_width=\u00a0\u00bbon\u00a0\u00bb custom_width_px=\u00a0\u00bb655px\u00a0\u00bb global_colors_info=\u00a0\u00bb{}\u00a0\u00bb][et_pb_column type=\u00a0\u00bb4_4&Prime; _builder_version=\u00a0\u00bb4.16&Prime; custom_padding=\u00a0\u00bb|||\u00a0\u00bb global_colors_info=\u00a0\u00bb{}\u00a0\u00bb custom_padding__hover=\u00a0\u00bb|||\u00a0\u00bb][et_pb_text admin_label=\u00a0\u00bbPolitique sur les \u00e9chantillons Walker\u00a0\u00bb _builder_version=\u00a0\u00bb4.16&Prime; text_orientation=\u00a0\u00bbcenter\u00a0\u00bb global_colors_info=\u00a0\u00bb{}\u00a0\u00bb]<\/p>\n<h1>Politique sur les \u00e9chantillons Walker<\/h1>\n<p>Dans le cadre du processus de cr\u00e9ation, les \u00e9chantillons jouent un r\u00f4le essentiel surtout lors de la phase initiale du design d\u2019un projet. Walker comprend parfaitement que les architectes, les designers et les propri\u00e9taires de b\u00e2timents veulent mettre la main sur les mat\u00e9riaux qui seront consid\u00e9r\u00e9s pour leur projet. Notre objectif est de vous fournir les \u00e9chantillons n\u00e9cessaires pour vous aider dans votre processus de design, de la mani\u00e8re la plus efficace et la plus rentable possible.<\/p>\n<p>[\/et_pb_text][\/et_pb_column][\/et_pb_row][\/et_pb_section][et_pb_section fb_built=\u00a0\u00bb1&Prime; _builder_version=\u00a0\u00bb4.20.2&Prime; background_image=\u00a0\u00bbhttps:\/\/walkerglass.com\/wp-content\/uploads\/2019\/03\/background-section-samples-policy.jpg\u00a0\u00bb custom_margin=\u00a0\u00bb27px|3%|27px|3%\u00a0\u00bb custom_margin_tablet=\u00a0\u00bb|0px||0px\u00a0\u00bb custom_margin_phone=\u00a0\u00bb\u00a0\u00bb custom_margin_last_edited=\u00a0\u00bbon|desktop\u00a0\u00bb hover_enabled=\u00a0\u00bb0&Prime; global_colors_info=\u00a0\u00bb{}\u00a0\u00bb module_alignment=\u00a0\u00bbcenter\u00a0\u00bb sticky_enabled=\u00a0\u00bb0&Prime;][et_pb_row custom_padding_last_edited=\u00a0\u00bbon|desktop\u00a0\u00bb admin_label=\u00a0\u00bbrow\u00a0\u00bb _builder_version=\u00a0\u00bb4.16&Prime; background_size=\u00a0\u00bbinitial\u00a0\u00bb background_position=\u00a0\u00bbtop_left\u00a0\u00bb background_repeat=\u00a0\u00bbrepeat\u00a0\u00bb custom_padding=\u00a0\u00bb360px||54px|\u00a0\u00bb custom_padding_tablet=\u00a0\u00bb250px||54px|\u00a0\u00bb custom_padding_phone=\u00a0\u00bb125px||54px|\u00a0\u00bb width_unit=\u00a0\u00bboff\u00a0\u00bb custom_width_percent=\u00a0\u00bb70%\u00a0\u00bb global_colors_info=\u00a0\u00bb{}\u00a0\u00bb][et_pb_column type=\u00a0\u00bb4_4&Prime; _builder_version=\u00a0\u00bb4.16&Prime; custom_padding=\u00a0\u00bb|||\u00a0\u00bb global_colors_info=\u00a0\u00bb{}\u00a0\u00bb custom_padding__hover=\u00a0\u00bb|||\u00a0\u00bb][et_pb_text admin_label=\u00a0\u00bbDes \u00e9chantillons pour voir et toucher\u00a0\u00bb _builder_version=\u00a0\u00bb4.16&Prime; text_font=\u00a0\u00bb|300|||||||\u00a0\u00bb text_text_color=\u00a0\u00bb#000000&Prime; text_font_size=\u00a0\u00bb50&Prime; text_line_height=\u00a0\u00bb1.3em\u00a0\u00bb background_color=\u00a0\u00bbrgba(255,255,255,0.8)\u00a0\u00bb background_size=\u00a0\u00bbinitial\u00a0\u00bb background_position=\u00a0\u00bbtop_left\u00a0\u00bb background_repeat=\u00a0\u00bbrepeat\u00a0\u00bb custom_padding=\u00a0\u00bb16px|27px|16px|27px\u00a0\u00bb text_font_size_tablet=\u00a0\u00bb36&Prime; text_font_size_phone=\u00a0\u00bb24&Prime; text_font_size_last_edited=\u00a0\u00bbon|phone\u00a0\u00bb custom_css_main_element=\u00a0\u00bbdisplay: inline-block;\u00a0\u00bb use_border_color=\u00a0\u00bboff\u00a0\u00bb global_colors_info=\u00a0\u00bb{}\u00a0\u00bb]<\/p>\n<p>Des \u00e9chantillons pour voir et toucher<\/p>\n<p>[\/et_pb_text][\/et_pb_column][\/et_pb_row][\/et_pb_section][et_pb_section fb_built=\u00a0\u00bb1&Prime; _builder_version=\u00a0\u00bb4.20.2&Prime; custom_padding=\u00a0\u00bb0px|||\u00a0\u00bb hover_enabled=\u00a0\u00bb0&Prime; global_colors_info=\u00a0\u00bb{}\u00a0\u00bb module_alignment=\u00a0\u00bbcenter\u00a0\u00bb sticky_enabled=\u00a0\u00bb0&Prime;][et_pb_row custom_padding_last_edited=\u00a0\u00bbon|phone\u00a0\u00bb _builder_version=\u00a0\u00bb4.16&Prime; custom_padding_tablet=\u00a0\u00bb\u00a0\u00bb custom_padding_phone=\u00a0\u00bb||27px|\u00a0\u00bb custom_width_px=\u00a0\u00bb900px\u00a0\u00bb global_colors_info=\u00a0\u00bb{}\u00a0\u00bb][et_pb_column type=\u00a0\u00bb4_4&Prime; _builder_version=\u00a0\u00bb4.16&Prime; custom_padding=\u00a0\u00bb|||\u00a0\u00bb global_colors_info=\u00a0\u00bb{}\u00a0\u00bb custom_padding__hover=\u00a0\u00bb|||\u00a0\u00bb][et_pb_text admin_label=\u00a0\u00bbBo\u00eete d\u2019\u00e9chantillons\u00a0\u00bb _builder_version=\u00a0\u00bb4.20.2&Prime; max_width=\u00a0\u00bb800px\u00a0\u00bb hover_enabled=\u00a0\u00bb0&Prime; global_colors_info=\u00a0\u00bb{}\u00a0\u00bb module_alignment=\u00a0\u00bbcenter\u00a0\u00bb sticky_enabled=\u00a0\u00bb0&Prime;]<\/p>\n<h2>Bo\u00eete d\u2019\u00e9chantillons<\/h2>\n<p>Notre bo\u00eete d\u2019\u00e9chantillons standards est une excellente introduction pour en apprendre davantage sur les produits Walker. Elle contient 30 \u00e9chantillons de diff\u00e9rents formats 4 \u2019\u2019 x 4 \u2019\u2019 et 4 \u2019\u2019 x 8 \u2019\u2019 de nos verres d\u00e9polis, miroirs d\u00e9polis, motifs, verres antid\u00e9rapants ainsi que nos verres pour la s\u00e9curit\u00e9 des oiseaux. Si vous avez besoin de sp\u00e9cifications sur nos produits, votre repr\u00e9sentant architectural se fera un plaisir de vous envoyer la documentation n\u00e9cessaire.<\/p>\n<p>[\/et_pb_text][\/et_pb_column][\/et_pb_row][et_pb_row custom_padding_last_edited=\u00a0\u00bbon|phone\u00a0\u00bb _builder_version=\u00a0\u00bb4.16&Prime; custom_padding_tablet=\u00a0\u00bb\u00a0\u00bb custom_padding_phone=\u00a0\u00bb||27px|\u00a0\u00bb global_colors_info=\u00a0\u00bb{}\u00a0\u00bb][et_pb_column type=\u00a0\u00bb4_4&Prime; _builder_version=\u00a0\u00bb4.16&Prime; custom_padding=\u00a0\u00bb|||\u00a0\u00bb global_colors_info=\u00a0\u00bb{}\u00a0\u00bb custom_padding__hover=\u00a0\u00bb|||\u00a0\u00bb][et_pb_text admin_label=\u00a0\u00bb\u00c9chantillons 12&#215;12&Prime; _builder_version=\u00a0\u00bb4.20.2&Prime; max_width=\u00a0\u00bb800px\u00a0\u00bb hover_enabled=\u00a0\u00bb0&Prime; global_colors_info=\u00a0\u00bb{}\u00a0\u00bb module_alignment=\u00a0\u00bbcenter\u00a0\u00bb sticky_enabled=\u00a0\u00bb0&Prime;]<\/p>\n<h2>\u00c9chantillons 12&#215;12<\/h2>\n<p>Une fois que vous aurez fait votre choix de design, il est fort possible que vous d\u00e9siriez des \u00e9chantillons de plus grandes dimensions du produit Walker pour le pr\u00e9senter \u00e0 votre \u00e9quipe ou aux autres participants du projet. Walker vous fournira un exemple de format 12\u00a0\u2019\u2019 x 12\u00a0\u2019\u2019 pour vous aider dans votre processus de s\u00e9lection. Nous avons un vaste inventaire d\u2019\u00e9chantillons de nos produits pr\u00eats \u00e0 \u00eatre exp\u00e9di\u00e9s. \u00c0 noter que ces \u00e9chantillons sont gratuits.<\/p>\n<p>[\/et_pb_text][\/et_pb_column][\/et_pb_row][et_pb_row _builder_version=\u00a0\u00bb4.16&Prime; global_colors_info=\u00a0\u00bb{}\u00a0\u00bb][et_pb_column type=\u00a0\u00bb4_4&Prime; _builder_version=\u00a0\u00bb4.16&Prime; custom_padding=\u00a0\u00bb|||\u00a0\u00bb global_colors_info=\u00a0\u00bb{}\u00a0\u00bb custom_padding__hover=\u00a0\u00bb|||\u00a0\u00bb][et_pb_text admin_label=\u00a0\u00bb\u00c9chantillons sur mesure\u00a0\u00bb _builder_version=\u00a0\u00bb4.20.2&Prime; max_width=\u00a0\u00bb800px\u00a0\u00bb hover_enabled=\u00a0\u00bb0&Prime; z_index_tablet=\u00a0\u00bb500&Prime; global_colors_info=\u00a0\u00bb{}\u00a0\u00bb module_alignment=\u00a0\u00bbcenter\u00a0\u00bb sticky_enabled=\u00a0\u00bb0&Prime;]<\/p>\n<h2>\u00c9chantillons sur mesure<\/h2>\n<p>Les \u00e9chantillons sur mesure Walker sont g\u00e9n\u00e9ralement class\u00e9s dans deux cat\u00e9gories diff\u00e9rentes. La premi\u00e8re fait r\u00e9f\u00e9rence aux substrats de verre qui sont diff\u00e9rents de ceux que nous proposons dans nos gammes de produits standards. Nous comprenons que pour certains projets, il est n\u00e9cessaire de s\u00e9lectionner un verre sp\u00e9cifique afin d\u2019harmoniser l\u2019ensemble du design ou encore de s\u2019adapter au milieu dans lequel le produit sera utilis\u00e9. Nous ferons de notre mieux pour r\u00e9pondre \u00e0 votre demande. Veuillez noter que certaines conditions s&rsquo;appliquent. Le substrat choisi doit \u00eatre combin\u00e9 \u00e0 un de nos finis ou motifs standards. De plus, les quantit\u00e9s minimales du verre s\u00e9lectionn\u00e9 doivent \u00eatre confirm\u00e9es avant la production de l&rsquo;\u00e9chantillon.<\/p>\n<p>La seconde cat\u00e9gorie concerne les motifs personnalis\u00e9s. Si vous avez besoin d&rsquo;un motif sur mesure ou si vous sp\u00e9cifiez un motif unique pour la s\u00e9curit\u00e9 des oiseaux, nous pouvons \u00e0 nouveau vous aider, sous certaines conditions. Cette cat\u00e9gorie d\u2019\u00e9chantillons est disponible uniquement en format 12\u00a0\u00a0\u00bb x 12\u00a0\u00a0\u00bb au co\u00fbt de 300\u00a0$ pour la production d\u2019un nouveau motif. Ces frais sont remboursables une fois que la commande de production est re\u00e7ue.<\/p>\n<p>Dans les deux cas, les \u00e9chantillons sur mesure n\u00e9cessitent un d\u00e9lai entre 3 et 5 semaines, selon la complexit\u00e9 de la demande.<\/p>\n<p>[\/et_pb_text][\/et_pb_column][\/et_pb_row][\/et_pb_section][et_pb_section fb_built=\u00a0\u00bb1&Prime; custom_padding_last_edited=\u00a0\u00bbon|tablet\u00a0\u00bb _builder_version=\u00a0\u00bb4.20.2&Prime; background_image=\u00a0\u00bbhttps:\/\/walkerglass.com\/wp-content\/uploads\/2019\/02\/section-background-who-we-are-and-contact-our-experts.jpg\u00a0\u00bb custom_padding=\u00a0\u00bb54px||54px|\u00a0\u00bb custom_padding_tablet=\u00a0\u00bb0px||0px|\u00a0\u00bb custom_padding_phone=\u00a0\u00bb\u00a0\u00bb hover_enabled=\u00a0\u00bb0&Prime; global_colors_info=\u00a0\u00bb{}\u00a0\u00bb background_size=\u00a0\u00bbcover\u00a0\u00bb background_repeat=\u00a0\u00bbno-repeat\u00a0\u00bb width=\u00a0\u00bb100%\u00a0\u00bb max_width=\u00a0\u00bb2518px\u00a0\u00bb sticky_enabled=\u00a0\u00bb0&Prime;][et_pb_row column_structure=\u00a0\u00bb1_2,1_2&Prime; use_custom_gutter=\u00a0\u00bbon\u00a0\u00bb gutter_width=\u00a0\u00bb1&Prime; make_equal=\u00a0\u00bbon\u00a0\u00bb custom_padding_last_edited=\u00a0\u00bboff|\u00a0\u00bb disabled_on=\u00a0\u00bbon|on|\u00a0\u00bb _builder_version=\u00a0\u00bb4.16&Prime; max_width=\u00a0\u00bb1330px\u00a0\u00bb module_alignment=\u00a0\u00bbcenter\u00a0\u00bb custom_padding=\u00a0\u00bb0px||0px|\u00a0\u00bb use_custom_width=\u00a0\u00bbon\u00a0\u00bb custom_width_px=\u00a0\u00bb1330px\u00a0\u00bb global_colors_info=\u00a0\u00bb{}\u00a0\u00bb][et_pb_column type=\u00a0\u00bb1_2&Prime; _builder_version=\u00a0\u00bb4.16&Prime; background_color=\u00a0\u00bbrgba(190,203,217,0.95)\u00a0\u00bb custom_padding=\u00a0\u00bb54px|10%|54px|10%\u00a0\u00bb global_colors_info=\u00a0\u00bb{}\u00a0\u00bb custom_padding__hover=\u00a0\u00bb|||\u00a0\u00bb][et_pb_text admin_label=\u00a0\u00bb\u00c9chantillons (desktop)\u00a0\u00bb _builder_version=\u00a0\u00bb4.16&Prime; text_orientation=\u00a0\u00bbcenter\u00a0\u00bb global_colors_info=\u00a0\u00bb{}\u00a0\u00bb]<\/p>\n<h2>\u00c9chantillons<\/h2>\n<p>Pour voir et toucher notre verre, commandez vos \u00e9chantillons gratuits.<\/p>\n<p>[\/et_pb_text][et_pb_button button_url=\u00a0\u00bb\/fr\/echantillons\/\u00a0\u00bb button_text=\u00a0\u00bbCommandez vos \u00e9chantillons\u00a0\u00bb button_alignment=\u00a0\u00bbcenter\u00a0\u00bb admin_label=\u00a0\u00bbCommandez vos \u00e9chantillons (desktop)\u00a0\u00bb module_class=\u00a0\u00bbgray-button\u00a0\u00bb _builder_version=\u00a0\u00bb4.16&Prime; background_layout=\u00a0\u00bbdark\u00a0\u00bb global_colors_info=\u00a0\u00bb{}\u00a0\u00bb][\/et_pb_button][\/et_pb_column][et_pb_column type=\u00a0\u00bb1_2&Prime; _builder_version=\u00a0\u00bb4.16&Prime; background_color=\u00a0\u00bbrgba(62,85,110,0.95)\u00a0\u00bb custom_padding=\u00a0\u00bb54px|10%|54px|10%\u00a0\u00bb global_colors_info=\u00a0\u00bb{}\u00a0\u00bb custom_padding__hover=\u00a0\u00bb|||\u00a0\u00bb][et_pb_text admin_label=\u00a0\u00bbCommuniquez avec nos experts (desktop)\u00a0\u00bb _builder_version=\u00a0\u00bb4.16&Prime; text_orientation=\u00a0\u00bbcenter\u00a0\u00bb background_layout=\u00a0\u00bbdark\u00a0\u00bb global_colors_info=\u00a0\u00bb{}\u00a0\u00bb]<\/p>\n<h2>Communiquez avec nos experts<\/h2>\n<p>Si vous avez des questions, n\u2019h\u00e9sitez pas \u00e0 communiquer avec nous&nbsp;!<\/p>\n<p>[\/et_pb_text][et_pb_button button_url=\u00a0\u00bb\/fr\/contact\/\u00a0\u00bb button_text=\u00a0\u00bbContactez-nous\u00a0\u00bb button_alignment=\u00a0\u00bbcenter\u00a0\u00bb admin_label=\u00a0\u00bbContactez-nous (desktop)\u00a0\u00bb _builder_version=\u00a0\u00bb4.16&Prime; background_layout=\u00a0\u00bbdark\u00a0\u00bb global_colors_info=\u00a0\u00bb{}\u00a0\u00bb][\/et_pb_button][\/et_pb_column][\/et_pb_row][\/et_pb_section]<\/p>\n","protected":false},"excerpt":{"rendered":"<p>Politique sur les \u00e9chantillons Walker Dans le cadre du processus de cr\u00e9ation, les \u00e9chantillons jouent un r\u00f4le essentiel surtout lors de la phase initiale du design d\u2019un projet. Walker comprend parfaitement que les architectes, les designers et les propri\u00e9taires de b\u00e2timents veulent mettre la main sur les mat\u00e9riaux qui seront consid\u00e9r\u00e9s pour leur projet. Notre [&hellip;]<\/p>\n","protected":false},"author":9,"featured_media":0,"parent":2991,"menu_order":0,"comment_status":"closed","ping_status":"open","template":"","meta":{"_acf_changed":false,"_et_pb_use_builder":"on","_et_pb_old_content":"","_et_gb_content_width":"","footnotes":""},"class_list":["post-3007","page","type-page","status-publish","hentry"],"acf":[],"yoast_head":"<!-- This site is optimized with the Yoast SEO plugin v26.9 - https:\/\/yoast.com\/product\/yoast-seo-wordpress\/ -->\n<title>Politique sur les \u00e9chantillons | Verrerie Walker<\/title>\n<meta name=\"description\" content=\"Notre objectif est de vous fournir les \u00e9chantillons n\u00e9cessaires pour vous aider dans votre processus de design, de la mani\u00e8re la plus efficace et la plus rentable.\" \/>\n<meta name=\"robots\" content=\"index, follow, max-snippet:-1, max-image-preview:large, max-video-preview:-1\" \/>\n<link rel=\"canonical\" href=\"https:\/\/www.walkerglass.com\/fr\/architectes\/politique-echantillons-walker\/\" \/>\n<meta property=\"og:locale\" content=\"fr_FR\" \/>\n<meta property=\"og:type\" content=\"article\" \/>\n<meta property=\"og:title\" content=\"Politique sur les \u00e9chantillons | Verrerie Walker\" \/>\n<meta property=\"og:description\" content=\"Notre objectif est de vous fournir les \u00e9chantillons n\u00e9cessaires pour vous aider dans votre processus de design, de la mani\u00e8re la plus efficace et la plus rentable.\" \/>\n<meta property=\"og:url\" content=\"https:\/\/www.walkerglass.com\/fr\/architectes\/politique-echantillons-walker\/\" \/>\n<meta property=\"og:site_name\" content=\"Verrerie Walker\" \/>\n<meta property=\"article:publisher\" content=\"https:\/\/www.facebook.com\/WalkerGlassCo\/\" \/>\n<meta property=\"article:modified_time\" content=\"2023-04-24T13:49:44+00:00\" \/>\n<meta property=\"og:image\" content=\"https:\/\/www.walkerglass.com\/wp-content\/uploads\/2020\/03\/home-2-low-e-coated-acid-etched-glass.jpg\" \/>\n\t<meta property=\"og:image:width\" content=\"1743\" \/>\n\t<meta property=\"og:image:height\" content=\"910\" \/>\n\t<meta property=\"og:image:type\" content=\"image\/jpeg\" \/>\n<meta name=\"twitter:card\" content=\"summary_large_image\" \/>\n<meta name=\"twitter:site\" content=\"@WalkerTextures\" \/>\n<meta name=\"twitter:label1\" content=\"Dur\u00e9e de lecture estim\u00e9e\" \/>\n\t<meta name=\"twitter:data1\" content=\"6 minutes\" \/>\n<script type=\"application\/ld+json\" class=\"yoast-schema-graph\">{\"@context\":\"https:\/\/schema.org\",\"@graph\":[{\"@type\":\"WebPage\",\"@id\":\"https:\/\/www.walkerglass.com\/fr\/architectes\/politique-echantillons-walker\/\",\"url\":\"https:\/\/www.walkerglass.com\/fr\/architectes\/politique-echantillons-walker\/\",\"name\":\"Politique sur les \u00e9chantillons | Verrerie Walker\",\"isPartOf\":{\"@id\":\"https:\/\/www.walkerglass.com\/#website\"},\"datePublished\":\"2019-03-14T22:06:07+00:00\",\"dateModified\":\"2023-04-24T13:49:44+00:00\",\"description\":\"Notre objectif est de vous fournir les \u00e9chantillons n\u00e9cessaires pour vous aider dans votre processus de design, de la mani\u00e8re la plus efficace et la plus rentable.\",\"breadcrumb\":{\"@id\":\"https:\/\/www.walkerglass.com\/fr\/architectes\/politique-echantillons-walker\/#breadcrumb\"},\"inLanguage\":\"fr-FR\",\"potentialAction\":[{\"@type\":\"ReadAction\",\"target\":[\"https:\/\/www.walkerglass.com\/fr\/architectes\/politique-echantillons-walker\/\"]}]},{\"@type\":\"BreadcrumbList\",\"@id\":\"https:\/\/www.walkerglass.com\/fr\/architectes\/politique-echantillons-walker\/#breadcrumb\",\"itemListElement\":[{\"@type\":\"ListItem\",\"position\":1,\"name\":\"Accueil\"},{\"@type\":\"ListItem\",\"position\":2,\"name\":\"Architectes\",\"item\":\"https:\/\/www.walkerglass.com\/fr\/architectes\/\"},{\"@type\":\"ListItem\",\"position\":3,\"name\":\"\u00c9chantillons\"}]},{\"@type\":\"WebSite\",\"@id\":\"https:\/\/www.walkerglass.com\/#website\",\"url\":\"https:\/\/www.walkerglass.com\/\",\"name\":\"Verrerie Walker\",\"description\":\"\",\"publisher\":{\"@id\":\"https:\/\/www.walkerglass.com\/#organization\"},\"potentialAction\":[{\"@type\":\"SearchAction\",\"target\":{\"@type\":\"EntryPoint\",\"urlTemplate\":\"https:\/\/www.walkerglass.com\/?s={search_term_string}\"},\"query-input\":{\"@type\":\"PropertyValueSpecification\",\"valueRequired\":true,\"valueName\":\"search_term_string\"}}],\"inLanguage\":\"fr-FR\"},{\"@type\":\"Organization\",\"@id\":\"https:\/\/www.walkerglass.com\/#organization\",\"name\":\"Verrerie Walker\",\"url\":\"https:\/\/www.walkerglass.com\/\",\"logo\":{\"@type\":\"ImageObject\",\"inLanguage\":\"fr-FR\",\"@id\":\"https:\/\/www.walkerglass.com\/#\/schema\/logo\/image\/\",\"url\":\"https:\/\/www.walkerglass.com\/wp-content\/uploads\/2021\/03\/logo-walker-noir-1.png\",\"contentUrl\":\"https:\/\/www.walkerglass.com\/wp-content\/uploads\/2021\/03\/logo-walker-noir-1.png\",\"width\":2048,\"height\":282,\"caption\":\"Verrerie Walker\"},\"image\":{\"@id\":\"https:\/\/www.walkerglass.com\/#\/schema\/logo\/image\/\"},\"sameAs\":[\"https:\/\/www.facebook.com\/WalkerGlassCo\/\",\"https:\/\/x.com\/WalkerTextures\",\"https:\/\/www.instagram.com\/walkerglassco\/\",\"https:\/\/ca.linkedin.com\/company\/walker-glass\",\"https:\/\/www.youtube.com\/user\/WalkerGlassTextures\"]}]}<\/script>\n<!-- \/ Yoast SEO plugin. -->","yoast_head_json":{"title":"Politique sur les \u00e9chantillons | Verrerie Walker","description":"Notre objectif est de vous fournir les \u00e9chantillons n\u00e9cessaires pour vous aider dans votre processus de design, de la mani\u00e8re la plus efficace et la plus rentable.","robots":{"index":"index","follow":"follow","max-snippet":"max-snippet:-1","max-image-preview":"max-image-preview:large","max-video-preview":"max-video-preview:-1"},"canonical":"https:\/\/www.walkerglass.com\/fr\/architectes\/politique-echantillons-walker\/","og_locale":"fr_FR","og_type":"article","og_title":"Politique sur les \u00e9chantillons | Verrerie Walker","og_description":"Notre objectif est de vous fournir les \u00e9chantillons n\u00e9cessaires pour vous aider dans votre processus de design, de la mani\u00e8re la plus efficace et la plus rentable.","og_url":"https:\/\/www.walkerglass.com\/fr\/architectes\/politique-echantillons-walker\/","og_site_name":"Verrerie Walker","article_publisher":"https:\/\/www.facebook.com\/WalkerGlassCo\/","article_modified_time":"2023-04-24T13:49:44+00:00","og_image":[{"width":1743,"height":910,"url":"https:\/\/www.walkerglass.com\/wp-content\/uploads\/2020\/03\/home-2-low-e-coated-acid-etched-glass.jpg","type":"image\/jpeg"}],"twitter_card":"summary_large_image","twitter_site":"@WalkerTextures","twitter_misc":{"Dur\u00e9e de lecture estim\u00e9e":"6 minutes"},"schema":{"@context":"https:\/\/schema.org","@graph":[{"@type":"WebPage","@id":"https:\/\/www.walkerglass.com\/fr\/architectes\/politique-echantillons-walker\/","url":"https:\/\/www.walkerglass.com\/fr\/architectes\/politique-echantillons-walker\/","name":"Politique sur les \u00e9chantillons | Verrerie Walker","isPartOf":{"@id":"https:\/\/www.walkerglass.com\/#website"},"datePublished":"2019-03-14T22:06:07+00:00","dateModified":"2023-04-24T13:49:44+00:00","description":"Notre objectif est de vous fournir les \u00e9chantillons n\u00e9cessaires pour vous aider dans votre processus de design, de la mani\u00e8re la plus efficace et la plus rentable.","breadcrumb":{"@id":"https:\/\/www.walkerglass.com\/fr\/architectes\/politique-echantillons-walker\/#breadcrumb"},"inLanguage":"fr-FR","potentialAction":[{"@type":"ReadAction","target":["https:\/\/www.walkerglass.com\/fr\/architectes\/politique-echantillons-walker\/"]}]},{"@type":"BreadcrumbList","@id":"https:\/\/www.walkerglass.com\/fr\/architectes\/politique-echantillons-walker\/#breadcrumb","itemListElement":[{"@type":"ListItem","position":1,"name":"Accueil"},{"@type":"ListItem","position":2,"name":"Architectes","item":"https:\/\/www.walkerglass.com\/fr\/architectes\/"},{"@type":"ListItem","position":3,"name":"\u00c9chantillons"}]},{"@type":"WebSite","@id":"https:\/\/www.walkerglass.com\/#website","url":"https:\/\/www.walkerglass.com\/","name":"Verrerie Walker","description":"","publisher":{"@id":"https:\/\/www.walkerglass.com\/#organization"},"potentialAction":[{"@type":"SearchAction","target":{"@type":"EntryPoint","urlTemplate":"https:\/\/www.walkerglass.com\/?s={search_term_string}"},"query-input":{"@type":"PropertyValueSpecification","valueRequired":true,"valueName":"search_term_string"}}],"inLanguage":"fr-FR"},{"@type":"Organization","@id":"https:\/\/www.walkerglass.com\/#organization","name":"Verrerie Walker","url":"https:\/\/www.walkerglass.com\/","logo":{"@type":"ImageObject","inLanguage":"fr-FR","@id":"https:\/\/www.walkerglass.com\/#\/schema\/logo\/image\/","url":"https:\/\/www.walkerglass.com\/wp-content\/uploads\/2021\/03\/logo-walker-noir-1.png","contentUrl":"https:\/\/www.walkerglass.com\/wp-content\/uploads\/2021\/03\/logo-walker-noir-1.png","width":2048,"height":282,"caption":"Verrerie Walker"},"image":{"@id":"https:\/\/www.walkerglass.com\/#\/schema\/logo\/image\/"},"sameAs":["https:\/\/www.facebook.com\/WalkerGlassCo\/","https:\/\/x.com\/WalkerTextures","https:\/\/www.instagram.com\/walkerglassco\/","https:\/\/ca.linkedin.com\/company\/walker-glass","https:\/\/www.youtube.com\/user\/WalkerGlassTextures"]}]}},"_links":{"self":[{"href":"https:\/\/www.walkerglass.com\/fr\/wp-json\/wp\/v2\/pages\/3007","targetHints":{"allow":["GET"]}}],"collection":[{"href":"https:\/\/www.walkerglass.com\/fr\/wp-json\/wp\/v2\/pages"}],"about":[{"href":"https:\/\/www.walkerglass.com\/fr\/wp-json\/wp\/v2\/types\/page"}],"author":[{"embeddable":true,"href":"https:\/\/www.walkerglass.com\/fr\/wp-json\/wp\/v2\/users\/9"}],"replies":[{"embeddable":true,"href":"https:\/\/www.walkerglass.com\/fr\/wp-json\/wp\/v2\/comments?post=3007"}],"version-history":[{"count":3,"href":"https:\/\/www.walkerglass.com\/fr\/wp-json\/wp\/v2\/pages\/3007\/revisions"}],"predecessor-version":[{"id":23783,"href":"https:\/\/www.walkerglass.com\/fr\/wp-json\/wp\/v2\/pages\/3007\/revisions\/23783"}],"up":[{"embeddable":true,"href":"https:\/\/www.walkerglass.com\/fr\/wp-json\/wp\/v2\/pages\/2991"}],"wp:attachment":[{"href":"https:\/\/www.walkerglass.com\/fr\/wp-json\/wp\/v2\/media?parent=3007"}],"curies":[{"name":"wp","href":"https:\/\/api.w.org\/{rel}","templated":true}]}}