{"id":2995,"date":"2019-03-14T18:00:13","date_gmt":"2019-03-14T22:00:13","guid":{"rendered":"http:\/\/www.walkerglass.com\/?page_id=2995"},"modified":"2023-04-24T09:41:03","modified_gmt":"2023-04-24T13:41:03","slug":"applications","status":"publish","type":"page","link":"https:\/\/www.walkerglass.com\/fr\/architectes\/applications\/","title":{"rendered":"Applications"},"content":{"rendered":"\t\t<div class=\"et_pb_section et_pb_with_background et_section_regular breadcrumbs_section\">\n\t\t\t<div class=\" et_pb_row breadcrumbs_row\">\n\t\t\t\t<div class=\"et_pb_column et_pb_column_4_4 breadcrumbs_column\">\n\t\t\t\t\t<div class=\"et_pb_code et_pb_module breadcrumbs_module\">\n\t\t\t\t\t\t<span><span>Accueil<\/span><\/span>\t\t\t\t\t<\/div> <!-- .et_pb_code -->\n\t\t\t\t<\/div> <!-- .et_pb_column -->\n\t\t\t<\/div> <!-- .et_pb_row -->\n\t\t<\/div>\n\t\t<p>[et_pb_section fb_built=\u00a0\u00bb1&Prime; _builder_version=\u00a0\u00bb4.20.2&Prime; hover_enabled=\u00a0\u00bb0&Prime; global_colors_info=\u00a0\u00bb{}\u00a0\u00bb width=\u00a0\u00bb100%\u00a0\u00bb max_width=\u00a0\u00bb2518px\u00a0\u00bb sticky_enabled=\u00a0\u00bb0&Prime;][et_pb_row _builder_version=\u00a0\u00bb4.16&Prime; max_width=\u00a0\u00bb608px\u00a0\u00bb custom_padding=\u00a0\u00bb||0px|\u00a0\u00bb use_custom_width=\u00a0\u00bbon\u00a0\u00bb custom_width_px=\u00a0\u00bb608px\u00a0\u00bb global_colors_info=\u00a0\u00bb{}\u00a0\u00bb][et_pb_column type=\u00a0\u00bb4_4&Prime; _builder_version=\u00a0\u00bb4.16&Prime; custom_padding=\u00a0\u00bb|||\u00a0\u00bb global_colors_info=\u00a0\u00bb{}\u00a0\u00bb custom_padding__hover=\u00a0\u00bb|||\u00a0\u00bb][et_pb_text admin_label=\u00a0\u00bbApplications\u00a0\u00bb _builder_version=\u00a0\u00bb4.16&Prime; text_orientation=\u00a0\u00bbcenter\u00a0\u00bb global_colors_info=\u00a0\u00bb{}\u00a0\u00bb]<\/p>\n<h1>Applications<\/h1>\n<p>Depuis des d\u00e9cennies, le verre et les miroirs d\u00e9polis \u00e0 l&rsquo;acide ont \u00e9t\u00e9 sp\u00e9cifi\u00e9s par des architectes dans une tr\u00e8s grande vari\u00e9t\u00e9 d&rsquo;applications, notamment pour accro\u00eetre et diffuser la lumi\u00e8re. Walker d\u00e9pose une solution d&rsquo;acide fluorhydrique aqueuse sur la surface du verre, produisant ainsi une finition esth\u00e9tique, hautement durable au fini lisse et uniforme. La surface d\u00e9polie est facile d\u2019entretien et son apparence ne changera pas au fil du temps.<\/p>\n<p>[\/et_pb_text][\/et_pb_column][\/et_pb_row][\/et_pb_section][et_pb_section fb_built=\u00a0\u00bb1&Prime; _builder_version=\u00a0\u00bb4.20.2&Prime; background_image=\u00a0\u00bbhttps:\/\/walkerglass.com\/wp-content\/uploads\/2019\/03\/applications-v4b.jpg\u00a0\u00bb custom_margin=\u00a0\u00bb27px|3%|27px|3%\u00a0\u00bb custom_margin_tablet=\u00a0\u00bb|0px||0px\u00a0\u00bb custom_margin_phone=\u00a0\u00bb\u00a0\u00bb custom_margin_last_edited=\u00a0\u00bbon|desktop\u00a0\u00bb hover_enabled=\u00a0\u00bb0&Prime; global_colors_info=\u00a0\u00bb{}\u00a0\u00bb module_alignment=\u00a0\u00bbcenter\u00a0\u00bb sticky_enabled=\u00a0\u00bb0&Prime;][et_pb_row custom_padding_last_edited=\u00a0\u00bbon|phone\u00a0\u00bb admin_label=\u00a0\u00bbrow\u00a0\u00bb _builder_version=\u00a0\u00bb4.16&Prime; background_size=\u00a0\u00bbinitial\u00a0\u00bb background_position=\u00a0\u00bbtop_left\u00a0\u00bb background_repeat=\u00a0\u00bbrepeat\u00a0\u00bb custom_padding=\u00a0\u00bb360px||54px|\u00a0\u00bb custom_padding_tablet=\u00a0\u00bb250px||54px|\u00a0\u00bb custom_padding_phone=\u00a0\u00bb125px||54px|\u00a0\u00bb width_unit=\u00a0\u00bboff\u00a0\u00bb custom_width_percent=\u00a0\u00bb70%\u00a0\u00bb global_colors_info=\u00a0\u00bb{}\u00a0\u00bb][et_pb_column type=\u00a0\u00bb4_4&Prime; _builder_version=\u00a0\u00bb4.16&Prime; custom_padding=\u00a0\u00bb|||\u00a0\u00bb global_colors_info=\u00a0\u00bb{}\u00a0\u00bb custom_padding__hover=\u00a0\u00bb|||\u00a0\u00bb][et_pb_text admin_label=\u00a0\u00bbDes possibilit\u00e9s infinies\u00a0\u00bb _builder_version=\u00a0\u00bb4.16&Prime; text_font=\u00a0\u00bb|300|||||||\u00a0\u00bb text_text_color=\u00a0\u00bb#000000&Prime; text_font_size=\u00a0\u00bb50&Prime; text_line_height=\u00a0\u00bb1.3em\u00a0\u00bb background_color=\u00a0\u00bbrgba(255,255,255,0.8)\u00a0\u00bb background_size=\u00a0\u00bbinitial\u00a0\u00bb background_position=\u00a0\u00bbtop_left\u00a0\u00bb background_repeat=\u00a0\u00bbrepeat\u00a0\u00bb custom_padding=\u00a0\u00bb16px|27px|16px|27px\u00a0\u00bb text_font_size_tablet=\u00a0\u00bb40&Prime; text_font_size_phone=\u00a0\u00bb\u00a0\u00bb text_font_size_last_edited=\u00a0\u00bbon|phone\u00a0\u00bb custom_css_main_element=\u00a0\u00bbdisplay: inline-block;\u00a0\u00bb use_border_color=\u00a0\u00bboff\u00a0\u00bb global_colors_info=\u00a0\u00bb{}\u00a0\u00bb]<\/p>\n<p>Des possibilit\u00e9s infinies<\/p>\n<p>[\/et_pb_text][\/et_pb_column][\/et_pb_row][\/et_pb_section][et_pb_section fb_built=\u00a0\u00bb1&Prime; _builder_version=\u00a0\u00bb4.20.2&Prime; custom_padding=\u00a0\u00bb0px|||\u00a0\u00bb hover_enabled=\u00a0\u00bb0&Prime; global_colors_info=\u00a0\u00bb{}\u00a0\u00bb module_alignment=\u00a0\u00bbcenter\u00a0\u00bb sticky_enabled=\u00a0\u00bb0&Prime;][et_pb_row custom_padding_last_edited=\u00a0\u00bbon|phone\u00a0\u00bb _builder_version=\u00a0\u00bb4.16&Prime; custom_padding_tablet=\u00a0\u00bb\u00a0\u00bb custom_padding_phone=\u00a0\u00bb||27px|\u00a0\u00bb global_colors_info=\u00a0\u00bb{}\u00a0\u00bb column_structure=\u00a0\u00bb1_2,1_2&Prime;][et_pb_column type=\u00a0\u00bb1_2&Prime; _builder_version=\u00a0\u00bb4.16&Prime; custom_padding=\u00a0\u00bb|||\u00a0\u00bb global_colors_info=\u00a0\u00bb{}\u00a0\u00bb custom_padding__hover=\u00a0\u00bb|||\u00a0\u00bb][et_pb_image src=\u00a0\u00bbhttps:\/\/walkerglass.com\/wp-content\/uploads\/2019\/03\/aecom-6mm-grey-mirror-satin-5.jpg\u00a0\u00bb align_tablet=\u00a0\u00bbcenter\u00a0\u00bb align_last_edited=\u00a0\u00bbon|desktop\u00a0\u00bb admin_label=\u00a0\u00bbImage &#8211; Interior\u00a0\u00bb _builder_version=\u00a0\u00bb4.16&Prime; global_colors_info=\u00a0\u00bb{}\u00a0\u00bb align_phone=\u00a0\u00bbcenter\u00a0\u00bb][\/et_pb_image][\/et_pb_column][et_pb_column type=\u00a0\u00bb1_2&Prime; _builder_version=\u00a0\u00bb4.16&Prime; custom_padding=\u00a0\u00bb|||\u00a0\u00bb global_colors_info=\u00a0\u00bb{}\u00a0\u00bb custom_padding__hover=\u00a0\u00bb|||\u00a0\u00bb][et_pb_text admin_label=\u00a0\u00bbInt\u00e9rieur\u00a0\u00bb _builder_version=\u00a0\u00bb4.16&Prime; global_colors_info=\u00a0\u00bb{}\u00a0\u00bb]<\/p>\n<h2>Int\u00e9rieur<\/h2>\n<p>Le verre et le miroir d\u00e9polis sont fr\u00e9quemment utilis\u00e9s dans des applications int\u00e9rieures. La polyvalence, la qualit\u00e9 et la durabilit\u00e9 des produits <strong>Walker Textures<\/strong><sup>\u00ae<\/sup> fournissent aux designers d&rsquo;int\u00e9rieurs une s\u00e9lection de produits leur permettant d&rsquo;atteindre leurs objectifs de conception les plus exigeants et les plus cr\u00e9atifs. Nos miroirs d\u00e9polis \u00e0 l\u2019acide sont un \u00e9l\u00e9ment de design unique et int\u00e9ressant lorsqu\u2019utilis\u00e9s comme rev\u00eatement mural. Le verre d\u00e9poli \u00e0 l\u2019acide de Walker est disponible en diff\u00e9rentes \u00e9paisseurs et constitue un excellent choix lorsque l\u2019intimit\u00e9 doit \u00eatre pr\u00e9serv\u00e9e, par exemple pour les salles de conf\u00e9rences, portes de douche, les garde-corps, etc. Le verre d\u00e9poli \u00e0 l\u2019acide peut \u00eatre combin\u00e9 \u00e0 d\u2019autres proc\u00e9d\u00e9s de fabrication tels que la peinture \u00e0 l\u2019endos, lamin\u00e9, courb\u00e9 et plus encore, ce qui augmente les possibilit\u00e9s de design.<\/p>\n<p>[\/et_pb_text][\/et_pb_column][\/et_pb_row][et_pb_row custom_padding_last_edited=\u00a0\u00bbon|phone\u00a0\u00bb _builder_version=\u00a0\u00bb4.16&Prime; custom_padding_tablet=\u00a0\u00bb\u00a0\u00bb custom_padding_phone=\u00a0\u00bb||27px|\u00a0\u00bb global_colors_info=\u00a0\u00bb{}\u00a0\u00bb column_structure=\u00a0\u00bb1_2,1_2&Prime;][et_pb_column type=\u00a0\u00bb1_2&Prime; _builder_version=\u00a0\u00bb4.16&Prime; custom_padding=\u00a0\u00bb|||\u00a0\u00bb global_colors_info=\u00a0\u00bb{}\u00a0\u00bb custom_padding__hover=\u00a0\u00bb|||\u00a0\u00bb][et_pb_text disabled_on=\u00a0\u00bbon|on|\u00a0\u00bb admin_label=\u00a0\u00bbExt\u00e9rieur (desktop)\u00a0\u00bb _builder_version=\u00a0\u00bb4.16&Prime; z_index_tablet=\u00a0\u00bb500&Prime; global_colors_info=\u00a0\u00bb{}\u00a0\u00bb]<\/p>\n<h2>Ext\u00e9rieur<\/h2>\n<p>Depuis les dix derni\u00e8res ann\u00e9es, on constate une forte croissance de l\u2019utilisation du verre d\u00e9poli \u00e0 l&rsquo;acide pour les applications ext\u00e9rieures. Toutes les pr\u00e9occupations li\u00e9es \u00e0 la r\u00e9sistance \u00e0 l&rsquo;usure, aux \u00e9gratignures, aux taches et \u00e0 la force du verre ont \u00e9t\u00e9 \u00e9limin\u00e9es gr\u00e2ce aux r\u00e9sultats de tests exhaustifs qui sont favorables. En fait, nos finis d\u00e9polis \u00e0 l&rsquo;acide ont obtenu des r\u00e9sultats de performance \u00e9quivalents ou sup\u00e9rieurs \u00e0 ceux du verre non d\u00e9poli. Nos produits ont \u00e9t\u00e9 sp\u00e9cifi\u00e9s et install\u00e9s dans un grand nombre d\u2019applications telles que des garde-corps, all\u00e8ges, brise-soleil, pour n\u2019en nommer que quelques-unes. Avec le ph\u00e9nom\u00e8ne grandissant des collisions des oiseaux, Walker a d\u00e9velopp\u00e9 plusieurs solutions innovatrices afin d\u2019adresser cette probl\u00e9matique. Ces produits se retrouvent sous la gamme <a href=\"\/fr\/nos-produits\/#verre-securite-oiseaux\">AviProtek<\/a>, et Walker est reconnue comme \u00e9tant le chef de file dans ce secteur du march\u00e9.<\/p>\n<p>[\/et_pb_text][\/et_pb_column][et_pb_column type=\u00a0\u00bb1_2&Prime; _builder_version=\u00a0\u00bb4.16&Prime; custom_padding=\u00a0\u00bb|||\u00a0\u00bb global_colors_info=\u00a0\u00bb{}\u00a0\u00bb custom_padding__hover=\u00a0\u00bb|||\u00a0\u00bb][et_pb_image src=\u00a0\u00bbhttps:\/\/walkerglass.com\/wp-content\/uploads\/2019\/03\/nyu-langone-starphire-velour-2-1.jpg\u00a0\u00bb align_tablet=\u00a0\u00bbcenter\u00a0\u00bb align_last_edited=\u00a0\u00bbon|desktop\u00a0\u00bb disabled_on=\u00a0\u00bbon|on|\u00a0\u00bb admin_label=\u00a0\u00bbImage &#8211; Exterior  (desktop)\u00a0\u00bb _builder_version=\u00a0\u00bb4.16&Prime; global_colors_info=\u00a0\u00bb{}\u00a0\u00bb align_phone=\u00a0\u00bbcenter\u00a0\u00bb][\/et_pb_image][\/et_pb_column][\/et_pb_row][\/et_pb_section][et_pb_section fb_built=\u00a0\u00bb1&Prime; custom_padding_last_edited=\u00a0\u00bbon|tablet\u00a0\u00bb _builder_version=\u00a0\u00bb4.20.2&Prime; background_image=\u00a0\u00bbhttps:\/\/walkerglass.com\/wp-content\/uploads\/2019\/02\/section-background-aviprotek-contact.jpg\u00a0\u00bb custom_padding=\u00a0\u00bb54px||54px|\u00a0\u00bb custom_padding_tablet=\u00a0\u00bb0px||0px|\u00a0\u00bb custom_padding_phone=\u00a0\u00bb\u00a0\u00bb hover_enabled=\u00a0\u00bb0&Prime; global_colors_info=\u00a0\u00bb{}\u00a0\u00bb width=\u00a0\u00bb100%\u00a0\u00bb max_width=\u00a0\u00bb2518px\u00a0\u00bb sticky_enabled=\u00a0\u00bb0&Prime; background_size=\u00a0\u00bbcover\u00a0\u00bb background_repeat=\u00a0\u00bbno-repeat\u00a0\u00bb][et_pb_row use_custom_gutter=\u00a0\u00bbon\u00a0\u00bb gutter_width=\u00a0\u00bb1&Prime; make_equal=\u00a0\u00bbon\u00a0\u00bb custom_padding_last_edited=\u00a0\u00bboff|\u00a0\u00bb disabled_on=\u00a0\u00bbon|on|\u00a0\u00bb _builder_version=\u00a0\u00bb4.16&Prime; max_width=\u00a0\u00bb1330px\u00a0\u00bb module_alignment=\u00a0\u00bbcenter\u00a0\u00bb custom_padding=\u00a0\u00bb0px||0px|\u00a0\u00bb use_custom_width=\u00a0\u00bbon\u00a0\u00bb custom_width_px=\u00a0\u00bb1330px\u00a0\u00bb global_colors_info=\u00a0\u00bb{}\u00a0\u00bb column_structure=\u00a0\u00bb1_2,1_2&Prime;][et_pb_column type=\u00a0\u00bb1_2&Prime; _builder_version=\u00a0\u00bb4.16&Prime; background_color=\u00a0\u00bbrgba(190,203,217,0.95)\u00a0\u00bb custom_padding=\u00a0\u00bb54px|8%|54px|8%\u00a0\u00bb global_colors_info=\u00a0\u00bb{}\u00a0\u00bb custom_padding__hover=\u00a0\u00bb|||\u00a0\u00bb][et_pb_text admin_label=\u00a0\u00bbNos repr\u00e9sentants architecturaux  (desktop)\u00a0\u00bb _builder_version=\u00a0\u00bb4.16&Prime; text_orientation=\u00a0\u00bbcenter\u00a0\u00bb z_index_tablet=\u00a0\u00bb500&Prime; global_colors_info=\u00a0\u00bb{}\u00a0\u00bb]<\/p>\n<h2>Nos repr\u00e9sentants architecturaux<\/h2>\n<p>Si vous d\u00e9sirez plus d\u2019informations, notre \u00e9quipe de repr\u00e9sentants architecturaux est l\u00e0 pour vous&nbsp;!<\/p>\n<p>[\/et_pb_text][et_pb_button button_url=\u00a0\u00bb\/fr\/architectes\/representants-architecturaux\/\u00a0\u00bb button_text=\u00a0\u00bbRencontrez notre \u00e9quipe\u00a0\u00bb button_alignment=\u00a0\u00bbcenter\u00a0\u00bb admin_label=\u00a0\u00bbRencontrez notre \u00e9quipe (desktop)\u00a0\u00bb module_class=\u00a0\u00bbgray-button\u00a0\u00bb _builder_version=\u00a0\u00bb4.16&Prime; background_layout=\u00a0\u00bbdark\u00a0\u00bb global_colors_info=\u00a0\u00bb{}\u00a0\u00bb][\/et_pb_button][\/et_pb_column][et_pb_column type=\u00a0\u00bb1_2&Prime; _builder_version=\u00a0\u00bb4.16&Prime; background_color=\u00a0\u00bbrgba(62,85,110,0.95)\u00a0\u00bb custom_padding=\u00a0\u00bb54px|10%|54px|10%\u00a0\u00bb global_colors_info=\u00a0\u00bb{}\u00a0\u00bb custom_padding__hover=\u00a0\u00bb|||\u00a0\u00bb][et_pb_text admin_label=\u00a0\u00bbCommuniquez avec nos experts (desktop)\u00a0\u00bb _builder_version=\u00a0\u00bb4.16&Prime; text_orientation=\u00a0\u00bbcenter\u00a0\u00bb background_layout=\u00a0\u00bbdark\u00a0\u00bb global_colors_info=\u00a0\u00bb{}\u00a0\u00bb]<\/p>\n<h2>Communiquez avec nos experts<\/h2>\n<p>Si vous avez des questions, n\u2019h\u00e9sitez pas \u00e0 communiquer avec nous&nbsp;!<\/p>\n<p>[\/et_pb_text][et_pb_button button_url=\u00a0\u00bb\/fr\/contact\/\u00a0\u00bb button_text=\u00a0\u00bbContactez-nous\u00a0\u00bb button_alignment=\u00a0\u00bbcenter\u00a0\u00bb admin_label=\u00a0\u00bbContactez-nous (desktop)\u00a0\u00bb _builder_version=\u00a0\u00bb4.16&Prime; background_layout=\u00a0\u00bbdark\u00a0\u00bb global_colors_info=\u00a0\u00bb{}\u00a0\u00bb][\/et_pb_button][\/et_pb_column][\/et_pb_row][\/et_pb_section]<\/p>\n","protected":false},"excerpt":{"rendered":"<p>Applications Depuis des d\u00e9cennies, le verre et les miroirs d\u00e9polis \u00e0 l&rsquo;acide ont \u00e9t\u00e9 sp\u00e9cifi\u00e9s par des architectes dans une tr\u00e8s grande vari\u00e9t\u00e9 d&rsquo;applications, notamment pour accro\u00eetre et diffuser la lumi\u00e8re. Walker d\u00e9pose une solution d&rsquo;acide fluorhydrique aqueuse sur la surface du verre, produisant ainsi une finition esth\u00e9tique, hautement durable au fini lisse et uniforme. [&hellip;]<\/p>\n","protected":false},"author":9,"featured_media":0,"parent":2991,"menu_order":0,"comment_status":"closed","ping_status":"open","template":"","meta":{"_acf_changed":false,"_et_pb_use_builder":"on","_et_pb_old_content":"","_et_gb_content_width":"","footnotes":""},"class_list":["post-2995","page","type-page","status-publish","hentry"],"acf":[],"yoast_head":"<!-- This site is optimized with the Yoast SEO plugin v26.9 - https:\/\/yoast.com\/product\/yoast-seo-wordpress\/ -->\n<title>Applications | Verrerie Walker<\/title>\n<meta name=\"description\" content=\"Depuis des d\u00e9cennies, le verre et les miroirs d\u00e9polis \u00e0 l\u2019acide ont \u00e9t\u00e9 sp\u00e9cifi\u00e9s par des architectes dans une tr\u00e8s grande vari\u00e9t\u00e9 d\u2019applications.\" \/>\n<meta name=\"robots\" content=\"index, follow, max-snippet:-1, max-image-preview:large, max-video-preview:-1\" \/>\n<link rel=\"canonical\" href=\"https:\/\/www.walkerglass.com\/fr\/architectes\/applications\/\" \/>\n<meta property=\"og:locale\" content=\"fr_FR\" \/>\n<meta property=\"og:type\" content=\"article\" \/>\n<meta property=\"og:title\" content=\"Applications | Verrerie Walker\" \/>\n<meta property=\"og:description\" content=\"Depuis des d\u00e9cennies, le verre et les miroirs d\u00e9polis \u00e0 l\u2019acide ont \u00e9t\u00e9 sp\u00e9cifi\u00e9s par des architectes dans une tr\u00e8s grande vari\u00e9t\u00e9 d\u2019applications.\" \/>\n<meta property=\"og:url\" content=\"https:\/\/www.walkerglass.com\/fr\/architectes\/applications\/\" \/>\n<meta property=\"og:site_name\" content=\"Verrerie Walker\" \/>\n<meta property=\"article:publisher\" content=\"https:\/\/www.facebook.com\/WalkerGlassCo\/\" \/>\n<meta property=\"article:modified_time\" content=\"2023-04-24T13:41:03+00:00\" \/>\n<meta property=\"og:image\" content=\"https:\/\/www.walkerglass.com\/wp-content\/uploads\/2020\/03\/home-2-low-e-coated-acid-etched-glass.jpg\" \/>\n\t<meta property=\"og:image:width\" content=\"1743\" \/>\n\t<meta property=\"og:image:height\" content=\"910\" \/>\n\t<meta property=\"og:image:type\" content=\"image\/jpeg\" \/>\n<meta name=\"twitter:card\" content=\"summary_large_image\" \/>\n<meta name=\"twitter:site\" content=\"@WalkerTextures\" \/>\n<meta name=\"twitter:label1\" content=\"Dur\u00e9e de lecture estim\u00e9e\" \/>\n\t<meta name=\"twitter:data1\" content=\"6 minutes\" \/>\n<script type=\"application\/ld+json\" class=\"yoast-schema-graph\">{\"@context\":\"https:\/\/schema.org\",\"@graph\":[{\"@type\":\"WebPage\",\"@id\":\"https:\/\/www.walkerglass.com\/fr\/architectes\/applications\/\",\"url\":\"https:\/\/www.walkerglass.com\/fr\/architectes\/applications\/\",\"name\":\"Applications | Verrerie Walker\",\"isPartOf\":{\"@id\":\"https:\/\/www.walkerglass.com\/#website\"},\"datePublished\":\"2019-03-14T22:00:13+00:00\",\"dateModified\":\"2023-04-24T13:41:03+00:00\",\"description\":\"Depuis des d\u00e9cennies, le verre et les miroirs d\u00e9polis \u00e0 l\u2019acide ont \u00e9t\u00e9 sp\u00e9cifi\u00e9s par des architectes dans une tr\u00e8s grande vari\u00e9t\u00e9 d\u2019applications.\",\"breadcrumb\":{\"@id\":\"https:\/\/www.walkerglass.com\/fr\/architectes\/applications\/#breadcrumb\"},\"inLanguage\":\"fr-FR\",\"potentialAction\":[{\"@type\":\"ReadAction\",\"target\":[\"https:\/\/www.walkerglass.com\/fr\/architectes\/applications\/\"]}]},{\"@type\":\"BreadcrumbList\",\"@id\":\"https:\/\/www.walkerglass.com\/fr\/architectes\/applications\/#breadcrumb\",\"itemListElement\":[{\"@type\":\"ListItem\",\"position\":1,\"name\":\"Accueil\"},{\"@type\":\"ListItem\",\"position\":2,\"name\":\"Architectes\",\"item\":\"https:\/\/www.walkerglass.com\/fr\/architectes\/\"},{\"@type\":\"ListItem\",\"position\":3,\"name\":\"Applications\"}]},{\"@type\":\"WebSite\",\"@id\":\"https:\/\/www.walkerglass.com\/#website\",\"url\":\"https:\/\/www.walkerglass.com\/\",\"name\":\"Verrerie Walker\",\"description\":\"\",\"publisher\":{\"@id\":\"https:\/\/www.walkerglass.com\/#organization\"},\"potentialAction\":[{\"@type\":\"SearchAction\",\"target\":{\"@type\":\"EntryPoint\",\"urlTemplate\":\"https:\/\/www.walkerglass.com\/?s={search_term_string}\"},\"query-input\":{\"@type\":\"PropertyValueSpecification\",\"valueRequired\":true,\"valueName\":\"search_term_string\"}}],\"inLanguage\":\"fr-FR\"},{\"@type\":\"Organization\",\"@id\":\"https:\/\/www.walkerglass.com\/#organization\",\"name\":\"Verrerie Walker\",\"url\":\"https:\/\/www.walkerglass.com\/\",\"logo\":{\"@type\":\"ImageObject\",\"inLanguage\":\"fr-FR\",\"@id\":\"https:\/\/www.walkerglass.com\/#\/schema\/logo\/image\/\",\"url\":\"https:\/\/www.walkerglass.com\/wp-content\/uploads\/2021\/03\/logo-walker-noir-1.png\",\"contentUrl\":\"https:\/\/www.walkerglass.com\/wp-content\/uploads\/2021\/03\/logo-walker-noir-1.png\",\"width\":2048,\"height\":282,\"caption\":\"Verrerie Walker\"},\"image\":{\"@id\":\"https:\/\/www.walkerglass.com\/#\/schema\/logo\/image\/\"},\"sameAs\":[\"https:\/\/www.facebook.com\/WalkerGlassCo\/\",\"https:\/\/x.com\/WalkerTextures\",\"https:\/\/www.instagram.com\/walkerglassco\/\",\"https:\/\/ca.linkedin.com\/company\/walker-glass\",\"https:\/\/www.youtube.com\/user\/WalkerGlassTextures\"]}]}<\/script>\n<!-- \/ Yoast SEO plugin. -->","yoast_head_json":{"title":"Applications | Verrerie Walker","description":"Depuis des d\u00e9cennies, le verre et les miroirs d\u00e9polis \u00e0 l\u2019acide ont \u00e9t\u00e9 sp\u00e9cifi\u00e9s par des architectes dans une tr\u00e8s grande vari\u00e9t\u00e9 d\u2019applications.","robots":{"index":"index","follow":"follow","max-snippet":"max-snippet:-1","max-image-preview":"max-image-preview:large","max-video-preview":"max-video-preview:-1"},"canonical":"https:\/\/www.walkerglass.com\/fr\/architectes\/applications\/","og_locale":"fr_FR","og_type":"article","og_title":"Applications | Verrerie Walker","og_description":"Depuis des d\u00e9cennies, le verre et les miroirs d\u00e9polis \u00e0 l\u2019acide ont \u00e9t\u00e9 sp\u00e9cifi\u00e9s par des architectes dans une tr\u00e8s grande vari\u00e9t\u00e9 d\u2019applications.","og_url":"https:\/\/www.walkerglass.com\/fr\/architectes\/applications\/","og_site_name":"Verrerie Walker","article_publisher":"https:\/\/www.facebook.com\/WalkerGlassCo\/","article_modified_time":"2023-04-24T13:41:03+00:00","og_image":[{"width":1743,"height":910,"url":"https:\/\/www.walkerglass.com\/wp-content\/uploads\/2020\/03\/home-2-low-e-coated-acid-etched-glass.jpg","type":"image\/jpeg"}],"twitter_card":"summary_large_image","twitter_site":"@WalkerTextures","twitter_misc":{"Dur\u00e9e de lecture estim\u00e9e":"6 minutes"},"schema":{"@context":"https:\/\/schema.org","@graph":[{"@type":"WebPage","@id":"https:\/\/www.walkerglass.com\/fr\/architectes\/applications\/","url":"https:\/\/www.walkerglass.com\/fr\/architectes\/applications\/","name":"Applications | Verrerie Walker","isPartOf":{"@id":"https:\/\/www.walkerglass.com\/#website"},"datePublished":"2019-03-14T22:00:13+00:00","dateModified":"2023-04-24T13:41:03+00:00","description":"Depuis des d\u00e9cennies, le verre et les miroirs d\u00e9polis \u00e0 l\u2019acide ont \u00e9t\u00e9 sp\u00e9cifi\u00e9s par des architectes dans une tr\u00e8s grande vari\u00e9t\u00e9 d\u2019applications.","breadcrumb":{"@id":"https:\/\/www.walkerglass.com\/fr\/architectes\/applications\/#breadcrumb"},"inLanguage":"fr-FR","potentialAction":[{"@type":"ReadAction","target":["https:\/\/www.walkerglass.com\/fr\/architectes\/applications\/"]}]},{"@type":"BreadcrumbList","@id":"https:\/\/www.walkerglass.com\/fr\/architectes\/applications\/#breadcrumb","itemListElement":[{"@type":"ListItem","position":1,"name":"Accueil"},{"@type":"ListItem","position":2,"name":"Architectes","item":"https:\/\/www.walkerglass.com\/fr\/architectes\/"},{"@type":"ListItem","position":3,"name":"Applications"}]},{"@type":"WebSite","@id":"https:\/\/www.walkerglass.com\/#website","url":"https:\/\/www.walkerglass.com\/","name":"Verrerie Walker","description":"","publisher":{"@id":"https:\/\/www.walkerglass.com\/#organization"},"potentialAction":[{"@type":"SearchAction","target":{"@type":"EntryPoint","urlTemplate":"https:\/\/www.walkerglass.com\/?s={search_term_string}"},"query-input":{"@type":"PropertyValueSpecification","valueRequired":true,"valueName":"search_term_string"}}],"inLanguage":"fr-FR"},{"@type":"Organization","@id":"https:\/\/www.walkerglass.com\/#organization","name":"Verrerie Walker","url":"https:\/\/www.walkerglass.com\/","logo":{"@type":"ImageObject","inLanguage":"fr-FR","@id":"https:\/\/www.walkerglass.com\/#\/schema\/logo\/image\/","url":"https:\/\/www.walkerglass.com\/wp-content\/uploads\/2021\/03\/logo-walker-noir-1.png","contentUrl":"https:\/\/www.walkerglass.com\/wp-content\/uploads\/2021\/03\/logo-walker-noir-1.png","width":2048,"height":282,"caption":"Verrerie Walker"},"image":{"@id":"https:\/\/www.walkerglass.com\/#\/schema\/logo\/image\/"},"sameAs":["https:\/\/www.facebook.com\/WalkerGlassCo\/","https:\/\/x.com\/WalkerTextures","https:\/\/www.instagram.com\/walkerglassco\/","https:\/\/ca.linkedin.com\/company\/walker-glass","https:\/\/www.youtube.com\/user\/WalkerGlassTextures"]}]}},"_links":{"self":[{"href":"https:\/\/www.walkerglass.com\/fr\/wp-json\/wp\/v2\/pages\/2995","targetHints":{"allow":["GET"]}}],"collection":[{"href":"https:\/\/www.walkerglass.com\/fr\/wp-json\/wp\/v2\/pages"}],"about":[{"href":"https:\/\/www.walkerglass.com\/fr\/wp-json\/wp\/v2\/types\/page"}],"author":[{"embeddable":true,"href":"https:\/\/www.walkerglass.com\/fr\/wp-json\/wp\/v2\/users\/9"}],"replies":[{"embeddable":true,"href":"https:\/\/www.walkerglass.com\/fr\/wp-json\/wp\/v2\/comments?post=2995"}],"version-history":[{"count":2,"href":"https:\/\/www.walkerglass.com\/fr\/wp-json\/wp\/v2\/pages\/2995\/revisions"}],"predecessor-version":[{"id":23780,"href":"https:\/\/www.walkerglass.com\/fr\/wp-json\/wp\/v2\/pages\/2995\/revisions\/23780"}],"up":[{"embeddable":true,"href":"https:\/\/www.walkerglass.com\/fr\/wp-json\/wp\/v2\/pages\/2991"}],"wp:attachment":[{"href":"https:\/\/www.walkerglass.com\/fr\/wp-json\/wp\/v2\/media?parent=2995"}],"curies":[{"name":"wp","href":"https:\/\/api.w.org\/{rel}","templated":true}]}}