{"id":28623,"date":"2024-08-22T16:43:50","date_gmt":"2024-08-22T20:43:50","guid":{"rendered":"https:\/\/www.walkerglass.com\/?page_id=28623"},"modified":"2024-09-26T10:25:39","modified_gmt":"2024-09-26T14:25:39","slug":"politique-de-confidentialite","status":"publish","type":"page","link":"https:\/\/www.walkerglass.com\/fr\/politique-de-confidentialite\/","title":{"rendered":"Politique de confidentialit\u00e9"},"content":{"rendered":"\t\t<div class=\"et_pb_section et_pb_with_background et_section_regular breadcrumbs_section\">\n\t\t\t<div class=\" et_pb_row breadcrumbs_row\">\n\t\t\t\t<div class=\"et_pb_column et_pb_column_4_4 breadcrumbs_column\">\n\t\t\t\t\t<div class=\"et_pb_code et_pb_module breadcrumbs_module\">\n\t\t\t\t\t\t<span><span>Accueil<\/span><\/span>\t\t\t\t\t<\/div> <!-- .et_pb_code -->\n\t\t\t\t<\/div> <!-- .et_pb_column -->\n\t\t\t<\/div> <!-- .et_pb_row -->\n\t\t<\/div>\n\t\t<p>[et_pb_section fb_built=\u00a0\u00bb1&Prime; _builder_version=\u00a0\u00bb4.22.2&Prime; _module_preset=\u00a0\u00bbdefault\u00a0\u00bb width=\u00a0\u00bb100%\u00a0\u00bb module_alignment=\u00a0\u00bbcenter\u00a0\u00bb global_colors_info=\u00a0\u00bb{}\u00a0\u00bb][et_pb_row _builder_version=\u00a0\u00bb4.22.2&Prime; _module_preset=\u00a0\u00bbdefault\u00a0\u00bb width=\u00a0\u00bb70%\u00a0\u00bb global_colors_info=\u00a0\u00bb{}\u00a0\u00bb][et_pb_column type=\u00a0\u00bb4_4&Prime; _builder_version=\u00a0\u00bb4.22.2&Prime; _module_preset=\u00a0\u00bbdefault\u00a0\u00bb global_colors_info=\u00a0\u00bb{}\u00a0\u00bb][et_pb_text _builder_version=\u00a0\u00bb4.22.2&Prime; _module_preset=\u00a0\u00bbdefault\u00a0\u00bb global_colors_info=\u00a0\u00bb{}\u00a0\u00bb]<\/p>\n<h1>Politique de protection des renseignements personnels de La Verrerie Walker<\/h1>\n<p>&nbsp;<\/p>\n<p>Walker s\u2019engage \u00e0 respecter la vie priv\u00e9e et les pr\u00e9occupations en mati\u00e8re de s\u00e9curit\u00e9 des visiteurs de son site internet www.walkerglass.com. Cette politique de confidentialit\u00e9 d\u00e9crit la fa\u00e7on dont les renseignements sont enregistr\u00e9s et utilis\u00e9s par notre entreprise.<\/p>\n<p>Veuillez lire les informations contenues dans le pr\u00e9sent document pour comprendre pleinement la fa\u00e7on dont vos renseignements sont recueillis et utilis\u00e9s.<\/p>\n<p>&nbsp;<\/p>\n<h1>Collecte des renseignements personnels<\/h1>\n<p>Walker utilise plusieurs moyens de recueillir des renseignements personnels sur son site. Tout d&rsquo;abord, lorsque vous visitez notre site, il vous sera demand\u00e9 de g\u00e9rer la divulgation de vos informations \u00e0 travers un formulaire de type \u00ab Cookie \u00bb. Si vous choisissez d\u2019accepter, nous collecterons les donn\u00e9es suivantes :<\/p>\n<ul>\n<li>Votre adresse IP<\/li>\n<li>Fichiers journaux<\/li>\n<li>Identifiants de l\u2019appareil<\/li>\n<li>Informations sur le navigateur<\/li>\n<li>D\u00e9tails concernant votre interaction avec notre site.<\/li>\n<\/ul>\n<p><em>Note : Vous avez la possibilit\u00e9 de retirer votre consentement \u00e0 tout moment en nous contactant.<\/em><\/p>\n<p>Nous recueillons \u00e9galement vos informations via divers formulaires de demandes pr\u00e9sents sur le site de Walker. Voici les diff\u00e9rents formulaires que vous retrouverez :<\/p>\n<ul>\n<li><strong>Demande d\u2019\u00e9chantillons<\/strong>\u00a0: Ce formulaire nous permet de collecter vos informations, y compris une adresse postale, afin de vous envoyer le mat\u00e9riel demand\u00e9.<\/li>\n<li><strong>Inscription \u00e0 l\u2019infolettre<\/strong>: Pour recevoir l\u2019infolettre de Walker, il vous sera demand\u00e9 de remplir certains champs. Vos informations seront entrepos\u00e9es dans une base de donn\u00e9es g\u00e9r\u00e9e s\u00e9par\u00e9ment par Dialog Insight. Vous pouvez vous d\u00e9sabonner \u00e0 tout moment.<\/li>\n<li><strong>Demande de sp\u00e9cifications<\/strong>\u00a0: Lorsque vous demandez une copie des sp\u00e9cifications de nos diff\u00e9rents produits, vos informations seront utilis\u00e9es uniquement pour g\u00e9rer cette demande et ne seront pas partag\u00e9es.<\/li>\n<li><strong>T\u00e9l\u00e9chargement de guides<\/strong>\u00a0: Pour obtenir nos guides de design ext\u00e9rieur, int\u00e9rieur et de s\u00e9curit\u00e9 des oiseaux, vous devrez entrer vos informations. Celles-ci seront utilis\u00e9es pour un premier contact. Si vous ne souhaitez pas \u00eatre recontact\u00e9, vos informations ne seront pas conserv\u00e9es.<\/li>\n<li><strong>Communication g\u00e9n\u00e9rale<\/strong>\u00a0: Si vous souhaitez entrer en contact avec notre service client, les informations recueillies ne seront utilis\u00e9es que pour cette communication ponctuelle.<\/li>\n<\/ul>\n<h2><\/h2>\n<h2>Utilisation des Donn\u00e9es<\/h2>\n<p>Les donn\u00e9es collect\u00e9es sur le site de Walker sont utilis\u00e9es des fa\u00e7ons suivantes :<\/p>\n<ul>\n<li>Les informations obtenues via les cookies sont analys\u00e9es pour am\u00e9liorer l\u2019exp\u00e9rience de navigation des utilisateurs. Ces donn\u00e9es sont anonymes.<\/li>\n<li>Les informations fournies par les diff\u00e9rents formulaires nous permettent de remplir nos engagements, tels que l\u2019envoi d\u2019\u00e9chantillons ou de documents.<\/li>\n<\/ul>\n<h2><\/h2>\n<h2>Possible utilisation<\/h2>\n<p>Vos donn\u00e9es peuvent \u00eatre \u00e9galement utilis\u00e9es si la loi l\u2019exige ou si une des situations suivantes se pr\u00e9sente\u00a0pour :<\/p>\n<ul>\n<li>Se conformer \u00e0 la loi ou \u00e0 une proc\u00e9dure judiciaire (avec un mandat)<\/li>\n<li>Prot\u00e9ger nos propri\u00e9t\u00e9s<\/li>\n<li>Assurer la s\u00e9curit\u00e9 de notre site et des utilisateurs<\/li>\n<\/ul>\n<h1>S\u00e9curit\u00e9s<\/h1>\n<p>Gr\u00e2ce \u00e0 notre h\u00e9bergeur, notre site ainsi que les donn\u00e9es collect\u00e9es sont prot\u00e9g\u00e9s. Des sauvegardes sont effectu\u00e9es quotidiennement.<\/p>\n<h2><\/h2>\n<h2>Fournisseurs et Google<\/h2>\n<p>Notre site est h\u00e9berg\u00e9 sur des serveurs s\u00e9curis\u00e9s, situ\u00e9s en dehors des bureaux de La Verrerie Walker. Vous trouverez ci-dessous la liste des diff\u00e9rents fournisseurs o\u00f9 vos donn\u00e9es se retrouvent, ainsi qu&rsquo;un lien vers leur politique de confidentialit\u00e9 :<\/p>\n<ul>\n<li>Vortex Solution (h\u00e9bergement du site de Walker) : <a href=\"https:\/\/www.vortexsolution.com\/vie-privee\/\">Vie Priv\u00e9e | Vortex Solution<\/a><\/li>\n<li>Dialog Insight (plateforme pour les infolettres)\u00a0: <a href=\"https:\/\/www.dialoginsight.com\/politique-de-confidentialite\/\">Politique de confidentialit\u00e9 &#8211; Dialog Insight<\/a><\/li>\n<\/ul>\n<p>Pour un contr\u00f4le suppl\u00e9mentaire sur vos donn\u00e9es, vous pourriez \u00e9galement \u00eatre int\u00e9ress\u00e9 par les services suivants\u00a0:<\/p>\n<ul>\n<li>Google : <a href=\"https:\/\/policies.google.com\/privacy?hl=fr-CA\">Politique de confidentialit\u00e9 \u2013 Politique de confidentialit\u00e9 et conditions d\u2019utilisation \u2013 Google<\/a><\/li>\n<li>Pour emp\u00eacher la collecte de vos donn\u00e9es par Google Analytics : <a href=\"https:\/\/tools.google.com\/dlpage\/gaoptout?hl=en\">https:\/\/tools.google.com\/dlpage\/gaoptout?hl=en<\/a><\/li>\n<li>Pour personnaliser les publicit\u00e9s Google : <a href=\"http:\/\/www.google.com\/settings\/ads\">http:\/\/www.google.com\/settings\/ads<\/a><\/li>\n<\/ul>\n<p>&nbsp;<\/p>\n<h2>Liens vers d\u2019autres sites<\/h2>\n<p>Sur le site de Walker on retrouve une multitude de liens vers d\u2019autres sites. Ces liens enrichissent le contenu retrouv\u00e9 sur ladite page de notre site. Il est de la responsabilit\u00e9 de l\u2019internaute de v\u00e9rifier la politique de confidentialit\u00e9 de ces sites.\u00a0<\/p>\n<h2>Modifications de la politique<\/h2>\n<p>Il est possible qu\u2019avec le temps cette politique doive \u00eatre revue et corrig\u00e9e afin de r\u00e9pondre aux lois en vigueur.<\/p>\n<p>La date de la derni\u00e8re version de cette politique se retrouve au bas de cette page.\u00a0<\/p>\n<h2>Acc\u00e8s \u00e0 l\u2019information du Qu\u00e9bec<\/h2>\n<p>Si vous avez des questions au sujet de vos renseignement personnels et de la loi, vous \u00eates invit\u00e9s \u00e0 communiquer directement avec la Commission d\u2019acc\u00e8s \u00e0 l\u2019information du Qu\u00e9bec.<br \/><a href=\"http:\/\/www.cai.gouv.qc.ca\">http:\/\/www.cai.gouv.qc.ca<\/a>\u00a0<\/p>\n<h2>Questions ou inqui\u00e9tude<\/h2>\n<p>Dans l\u2019\u00e9ventualit\u00e9 o\u00f9 vous auriez une question pour nous ou d\u00e9sirez partager votre inqui\u00e9tude face \u00e0 nos pratiques, nous vous invitons \u00e0 communiquer avec nous via l\u2019adresse courriel suivante\u00a0: <a href=\"mailto:info@laverreriewalker.com\">info@laverreriewalker.com<\/a><\/p>\n<p>Au meilleur de notre connaissance, cette politique r\u00e9pond aux exigences de la loi sur la protection des renseignements personnels dans le secteur priv\u00e9 du Qu\u00e9bec (Loi 25).<\/p>\n<p>&nbsp;<\/p>\n<p>Derni\u00e8re mise \u00e0 jour : 2024-08-22<\/p>\n<p>[\/et_pb_text][\/et_pb_column][\/et_pb_row][\/et_pb_section]<\/p>\n","protected":false},"excerpt":{"rendered":"<p>Politique de protection des renseignements personnels de La Verrerie Walker &nbsp; Walker s\u2019engage \u00e0 respecter la vie priv\u00e9e et les pr\u00e9occupations en mati\u00e8re de s\u00e9curit\u00e9 des visiteurs de son site internet www.walkerglass.com. Cette politique de confidentialit\u00e9 d\u00e9crit la fa\u00e7on dont les renseignements sont enregistr\u00e9s et utilis\u00e9s par notre entreprise. Veuillez lire les informations contenues dans [&hellip;]<\/p>\n","protected":false},"author":18,"featured_media":0,"parent":0,"menu_order":0,"comment_status":"closed","ping_status":"closed","template":"","meta":{"_acf_changed":false,"_et_pb_use_builder":"on","_et_pb_old_content":"","_et_gb_content_width":"","footnotes":""},"class_list":["post-28623","page","type-page","status-publish","hentry"],"acf":[],"yoast_head":"<!-- This site is optimized with the Yoast SEO plugin v26.9 - https:\/\/yoast.com\/product\/yoast-seo-wordpress\/ -->\n<title>Politique de confidentialit\u00e9 | Verrerie Walker<\/title>\n<meta name=\"robots\" content=\"index, follow, max-snippet:-1, max-image-preview:large, max-video-preview:-1\" \/>\n<link rel=\"canonical\" href=\"https:\/\/www.walkerglass.com\/fr\/politique-de-confidentialite\/\" \/>\n<meta property=\"og:locale\" content=\"fr_FR\" \/>\n<meta property=\"og:type\" content=\"article\" \/>\n<meta property=\"og:title\" content=\"Politique de confidentialit\u00e9 | Verrerie Walker\" \/>\n<meta property=\"og:description\" content=\"Politique de protection des renseignements personnels de La Verrerie Walker &nbsp; Walker s\u2019engage \u00e0 respecter la vie priv\u00e9e et les pr\u00e9occupations en mati\u00e8re de s\u00e9curit\u00e9 des visiteurs de son site internet www.walkerglass.com. Cette politique de confidentialit\u00e9 d\u00e9crit la fa\u00e7on dont les renseignements sont enregistr\u00e9s et utilis\u00e9s par notre entreprise. Veuillez lire les informations contenues dans [&hellip;]\" \/>\n<meta property=\"og:url\" content=\"https:\/\/www.walkerglass.com\/fr\/politique-de-confidentialite\/\" \/>\n<meta property=\"og:site_name\" content=\"Verrerie Walker\" \/>\n<meta property=\"article:publisher\" content=\"https:\/\/www.facebook.com\/WalkerGlassCo\/\" \/>\n<meta property=\"article:modified_time\" content=\"2024-09-26T14:25:39+00:00\" \/>\n<meta property=\"og:image\" content=\"https:\/\/www.walkerglass.com\/wp-content\/uploads\/2020\/03\/home-2-low-e-coated-acid-etched-glass.jpg\" \/>\n\t<meta property=\"og:image:width\" content=\"1743\" \/>\n\t<meta property=\"og:image:height\" content=\"910\" \/>\n\t<meta property=\"og:image:type\" content=\"image\/jpeg\" \/>\n<meta name=\"twitter:card\" content=\"summary_large_image\" \/>\n<meta name=\"twitter:site\" content=\"@WalkerTextures\" \/>\n<meta name=\"twitter:label1\" content=\"Dur\u00e9e de lecture estim\u00e9e\" \/>\n\t<meta name=\"twitter:data1\" content=\"4 minutes\" \/>\n<script type=\"application\/ld+json\" class=\"yoast-schema-graph\">{\"@context\":\"https:\/\/schema.org\",\"@graph\":[{\"@type\":\"WebPage\",\"@id\":\"https:\/\/www.walkerglass.com\/fr\/politique-de-confidentialite\/\",\"url\":\"https:\/\/www.walkerglass.com\/fr\/politique-de-confidentialite\/\",\"name\":\"Politique de confidentialit\u00e9 | Verrerie Walker\",\"isPartOf\":{\"@id\":\"https:\/\/www.walkerglass.com\/#website\"},\"datePublished\":\"2024-08-22T20:43:50+00:00\",\"dateModified\":\"2024-09-26T14:25:39+00:00\",\"breadcrumb\":{\"@id\":\"https:\/\/www.walkerglass.com\/fr\/politique-de-confidentialite\/#breadcrumb\"},\"inLanguage\":\"fr-FR\",\"potentialAction\":[{\"@type\":\"ReadAction\",\"target\":[\"https:\/\/www.walkerglass.com\/fr\/politique-de-confidentialite\/\"]}]},{\"@type\":\"BreadcrumbList\",\"@id\":\"https:\/\/www.walkerglass.com\/fr\/politique-de-confidentialite\/#breadcrumb\",\"itemListElement\":[{\"@type\":\"ListItem\",\"position\":1,\"name\":\"Accueil\"},{\"@type\":\"ListItem\",\"position\":2,\"name\":\"Politique de confidentialit\u00e9\"}]},{\"@type\":\"WebSite\",\"@id\":\"https:\/\/www.walkerglass.com\/#website\",\"url\":\"https:\/\/www.walkerglass.com\/\",\"name\":\"Verrerie Walker\",\"description\":\"\",\"publisher\":{\"@id\":\"https:\/\/www.walkerglass.com\/#organization\"},\"potentialAction\":[{\"@type\":\"SearchAction\",\"target\":{\"@type\":\"EntryPoint\",\"urlTemplate\":\"https:\/\/www.walkerglass.com\/?s={search_term_string}\"},\"query-input\":{\"@type\":\"PropertyValueSpecification\",\"valueRequired\":true,\"valueName\":\"search_term_string\"}}],\"inLanguage\":\"fr-FR\"},{\"@type\":\"Organization\",\"@id\":\"https:\/\/www.walkerglass.com\/#organization\",\"name\":\"Verrerie Walker\",\"url\":\"https:\/\/www.walkerglass.com\/\",\"logo\":{\"@type\":\"ImageObject\",\"inLanguage\":\"fr-FR\",\"@id\":\"https:\/\/www.walkerglass.com\/#\/schema\/logo\/image\/\",\"url\":\"https:\/\/www.walkerglass.com\/wp-content\/uploads\/2021\/03\/logo-walker-noir-1.png\",\"contentUrl\":\"https:\/\/www.walkerglass.com\/wp-content\/uploads\/2021\/03\/logo-walker-noir-1.png\",\"width\":2048,\"height\":282,\"caption\":\"Verrerie Walker\"},\"image\":{\"@id\":\"https:\/\/www.walkerglass.com\/#\/schema\/logo\/image\/\"},\"sameAs\":[\"https:\/\/www.facebook.com\/WalkerGlassCo\/\",\"https:\/\/x.com\/WalkerTextures\",\"https:\/\/www.instagram.com\/walkerglassco\/\",\"https:\/\/ca.linkedin.com\/company\/walker-glass\",\"https:\/\/www.youtube.com\/user\/WalkerGlassTextures\"]}]}<\/script>\n<!-- \/ Yoast SEO plugin. -->","yoast_head_json":{"title":"Politique de confidentialit\u00e9 | Verrerie Walker","robots":{"index":"index","follow":"follow","max-snippet":"max-snippet:-1","max-image-preview":"max-image-preview:large","max-video-preview":"max-video-preview:-1"},"canonical":"https:\/\/www.walkerglass.com\/fr\/politique-de-confidentialite\/","og_locale":"fr_FR","og_type":"article","og_title":"Politique de confidentialit\u00e9 | Verrerie Walker","og_description":"Politique de protection des renseignements personnels de La Verrerie Walker &nbsp; Walker s\u2019engage \u00e0 respecter la vie priv\u00e9e et les pr\u00e9occupations en mati\u00e8re de s\u00e9curit\u00e9 des visiteurs de son site internet www.walkerglass.com. Cette politique de confidentialit\u00e9 d\u00e9crit la fa\u00e7on dont les renseignements sont enregistr\u00e9s et utilis\u00e9s par notre entreprise. Veuillez lire les informations contenues dans [&hellip;]","og_url":"https:\/\/www.walkerglass.com\/fr\/politique-de-confidentialite\/","og_site_name":"Verrerie Walker","article_publisher":"https:\/\/www.facebook.com\/WalkerGlassCo\/","article_modified_time":"2024-09-26T14:25:39+00:00","og_image":[{"width":1743,"height":910,"url":"https:\/\/www.walkerglass.com\/wp-content\/uploads\/2020\/03\/home-2-low-e-coated-acid-etched-glass.jpg","type":"image\/jpeg"}],"twitter_card":"summary_large_image","twitter_site":"@WalkerTextures","twitter_misc":{"Dur\u00e9e de lecture estim\u00e9e":"4 minutes"},"schema":{"@context":"https:\/\/schema.org","@graph":[{"@type":"WebPage","@id":"https:\/\/www.walkerglass.com\/fr\/politique-de-confidentialite\/","url":"https:\/\/www.walkerglass.com\/fr\/politique-de-confidentialite\/","name":"Politique de confidentialit\u00e9 | Verrerie Walker","isPartOf":{"@id":"https:\/\/www.walkerglass.com\/#website"},"datePublished":"2024-08-22T20:43:50+00:00","dateModified":"2024-09-26T14:25:39+00:00","breadcrumb":{"@id":"https:\/\/www.walkerglass.com\/fr\/politique-de-confidentialite\/#breadcrumb"},"inLanguage":"fr-FR","potentialAction":[{"@type":"ReadAction","target":["https:\/\/www.walkerglass.com\/fr\/politique-de-confidentialite\/"]}]},{"@type":"BreadcrumbList","@id":"https:\/\/www.walkerglass.com\/fr\/politique-de-confidentialite\/#breadcrumb","itemListElement":[{"@type":"ListItem","position":1,"name":"Accueil"},{"@type":"ListItem","position":2,"name":"Politique de confidentialit\u00e9"}]},{"@type":"WebSite","@id":"https:\/\/www.walkerglass.com\/#website","url":"https:\/\/www.walkerglass.com\/","name":"Verrerie Walker","description":"","publisher":{"@id":"https:\/\/www.walkerglass.com\/#organization"},"potentialAction":[{"@type":"SearchAction","target":{"@type":"EntryPoint","urlTemplate":"https:\/\/www.walkerglass.com\/?s={search_term_string}"},"query-input":{"@type":"PropertyValueSpecification","valueRequired":true,"valueName":"search_term_string"}}],"inLanguage":"fr-FR"},{"@type":"Organization","@id":"https:\/\/www.walkerglass.com\/#organization","name":"Verrerie Walker","url":"https:\/\/www.walkerglass.com\/","logo":{"@type":"ImageObject","inLanguage":"fr-FR","@id":"https:\/\/www.walkerglass.com\/#\/schema\/logo\/image\/","url":"https:\/\/www.walkerglass.com\/wp-content\/uploads\/2021\/03\/logo-walker-noir-1.png","contentUrl":"https:\/\/www.walkerglass.com\/wp-content\/uploads\/2021\/03\/logo-walker-noir-1.png","width":2048,"height":282,"caption":"Verrerie Walker"},"image":{"@id":"https:\/\/www.walkerglass.com\/#\/schema\/logo\/image\/"},"sameAs":["https:\/\/www.facebook.com\/WalkerGlassCo\/","https:\/\/x.com\/WalkerTextures","https:\/\/www.instagram.com\/walkerglassco\/","https:\/\/ca.linkedin.com\/company\/walker-glass","https:\/\/www.youtube.com\/user\/WalkerGlassTextures"]}]}},"_links":{"self":[{"href":"https:\/\/www.walkerglass.com\/fr\/wp-json\/wp\/v2\/pages\/28623","targetHints":{"allow":["GET"]}}],"collection":[{"href":"https:\/\/www.walkerglass.com\/fr\/wp-json\/wp\/v2\/pages"}],"about":[{"href":"https:\/\/www.walkerglass.com\/fr\/wp-json\/wp\/v2\/types\/page"}],"author":[{"embeddable":true,"href":"https:\/\/www.walkerglass.com\/fr\/wp-json\/wp\/v2\/users\/18"}],"replies":[{"embeddable":true,"href":"https:\/\/www.walkerglass.com\/fr\/wp-json\/wp\/v2\/comments?post=28623"}],"version-history":[{"count":6,"href":"https:\/\/www.walkerglass.com\/fr\/wp-json\/wp\/v2\/pages\/28623\/revisions"}],"predecessor-version":[{"id":28755,"href":"https:\/\/www.walkerglass.com\/fr\/wp-json\/wp\/v2\/pages\/28623\/revisions\/28755"}],"wp:attachment":[{"href":"https:\/\/www.walkerglass.com\/fr\/wp-json\/wp\/v2\/media?parent=28623"}],"curies":[{"name":"wp","href":"https:\/\/api.w.org\/{rel}","templated":true}]}}