{"id":28610,"date":"2024-08-22T16:19:34","date_gmt":"2024-08-22T20:19:34","guid":{"rendered":"https:\/\/www.walkerglass.com\/terms-and-conditions\/"},"modified":"2024-09-26T10:23:28","modified_gmt":"2024-09-26T14:23:28","slug":"termes-et-conditions","status":"publish","type":"page","link":"https:\/\/www.walkerglass.com\/fr\/termes-et-conditions\/","title":{"rendered":"Termes et conditions"},"content":{"rendered":"\t\t<div class=\"et_pb_section et_pb_with_background et_section_regular breadcrumbs_section\">\n\t\t\t<div class=\" et_pb_row breadcrumbs_row\">\n\t\t\t\t<div class=\"et_pb_column et_pb_column_4_4 breadcrumbs_column\">\n\t\t\t\t\t<div class=\"et_pb_code et_pb_module breadcrumbs_module\">\n\t\t\t\t\t\t<span><span>Accueil<\/span><\/span>\t\t\t\t\t<\/div> <!-- .et_pb_code -->\n\t\t\t\t<\/div> <!-- .et_pb_column -->\n\t\t\t<\/div> <!-- .et_pb_row -->\n\t\t<\/div>\n\t\t<p>[et_pb_section fb_built=\u00a0\u00bb1&Prime; _builder_version=\u00a0\u00bb4.22.2&Prime; _module_preset=\u00a0\u00bbdefault\u00a0\u00bb width=\u00a0\u00bb100%\u00a0\u00bb module_alignment=\u00a0\u00bbcenter\u00a0\u00bb global_colors_info=\u00a0\u00bb{}\u00a0\u00bb][et_pb_row _builder_version=\u00a0\u00bb4.22.2&Prime; _module_preset=\u00a0\u00bbdefault\u00a0\u00bb width=\u00a0\u00bb70%\u00a0\u00bb global_colors_info=\u00a0\u00bb{}\u00a0\u00bb][et_pb_column type=\u00a0\u00bb4_4&Prime; _builder_version=\u00a0\u00bb4.22.2&Prime; _module_preset=\u00a0\u00bbdefault\u00a0\u00bb global_colors_info=\u00a0\u00bb{}\u00a0\u00bb][et_pb_text _builder_version=\u00a0\u00bb4.22.2&Prime; _module_preset=\u00a0\u00bbdefault\u00a0\u00bb global_colors_info=\u00a0\u00bb{}\u00a0\u00bb]<\/p>\n<h1 style=\"text-align: center;\">Termes et conditions<\/h1>\n<p>&nbsp;<\/p>\n<p>Vous trouverez ci-dessous la politique des termes et conditions de La Verrerie Walker. Les informations contenues sur le site internet www.laverreriewalker.com sont publi\u00e9es au meilleur des connaissances des membres de La Verrerie Walker. Les informations que l\u2019on retrouve sur le site doivent \u00eatre interpr\u00e9t\u00e9es \u00e0 titre seulement de r\u00e9f\u00e9rence et l\u2019entreprise n\u2019est pas responsable d\u2019une utilisation malintentionn\u00e9e ou sans l\u2019autorisation expresse \u00e9crite de La Verrerie Walker. L\u2019entreprise se r\u00e9serve le droit de modifier en tout temps et sans pr\u00e9avis cette politique de termes et conditions.<\/p>\n<p><strong><br \/>Utilisation des propri\u00e9t\u00e9s intellectuelles <\/strong><\/p>\n<p>La Verrerie Walker est sensible aux droits sur les propri\u00e9t\u00e9s intellectuelles. Par cons\u00e9quent, il est formellement interdit d\u2019utiliser \u00e0 des fins commerciales sans l\u2019autorisation \u00e9crite par un membre de l\u2019\u00e9quipe Walker, tout mat\u00e9riel contenu sur le site internet.\u00a0 Le contenu est d\u00e9fini comme \u00e9tant les photos, vid\u00e9os, montages graphiques, ou autres. De plus, il est \u00e9galement interdit d\u2019utiliser partiellement ou en entier les textes contenus sur le site internet incluant les blogues de La Verrerie Walker.\u00a0 Ces articles ont \u00e9t\u00e9 \u00e9crits pour des fins d\u2019\u00e9ducation et non pour des buts commerciaux autres que ceux de Walker.\u00a0 Il est possible de t\u00e9l\u00e9charger et d\u2019imprimer les documents PDF qui sont \u00e0 votre disposition sur le site de Walker.\u00a0 Ce mat\u00e9riel est pour votre consultation et vous ne pouvez pas le distribuer sans le consentement \u00e9crit de La Verrerie Walker.<\/p>\n<p><strong><br \/>Liens vers d\u2019autres sites internet<\/strong><\/p>\n<p>Sur le site de La Verrerie Walker on retrouve une multitude de liens vers d\u2019autres sites internet.\u00a0 Walker n\u2019assume aucune responsabilit\u00e9 \u00e0 l\u2019\u00e9gard des autres sites et de leur politique de confidentialit\u00e9. Il vous revient de valider la politique de confidentialit\u00e9 de ces sites.<\/p>\n<p><strong><br \/>Marques de commerce<\/strong><\/p>\n<p>La Verrerie Walker poss\u00e8de plusieurs marques de commerce qui sont prot\u00e9g\u00e9es telles que : Walker Textures<sup>\u00ae<\/sup> et AviProtek<sup>\u00ae<\/sup>. L\u2019appellation Walker Textures<sup>\u00ae<\/sup> repr\u00e9sente tous les produits de verre et miroir d\u00e9polis \u00e0 l\u2019acide, tandis que celle du nom d\u2019AviProtek<sup>\u00ae<\/sup> d\u00e9signe l\u2019ensemble des produits de verre pour la s\u00e9curit\u00e9 des oiseaux.\u00a0 Il est strictement interdit d\u2019utiliser les marques de commerce, logos, slogans, ou autres de La Verrerie Walker sans le consentement \u00e9crit d\u2019un membre de l\u2019\u00e9quipe du marketing de l\u2019entreprise.<strong><br \/><\/strong><\/p>\n<p>&nbsp;<\/p>\n<p>&nbsp;<\/p>\n<p>[\/et_pb_text][\/et_pb_column][\/et_pb_row][\/et_pb_section]<\/p>\n","protected":false},"excerpt":{"rendered":"<p>Termes et conditions &nbsp; Vous trouverez ci-dessous la politique des termes et conditions de La Verrerie Walker. Les informations contenues sur le site internet www.laverreriewalker.com sont publi\u00e9es au meilleur des connaissances des membres de La Verrerie Walker. Les informations que l\u2019on retrouve sur le site doivent \u00eatre interpr\u00e9t\u00e9es \u00e0 titre seulement de r\u00e9f\u00e9rence et l\u2019entreprise [&hellip;]<\/p>\n","protected":false},"author":18,"featured_media":0,"parent":0,"menu_order":0,"comment_status":"closed","ping_status":"closed","template":"","meta":{"_acf_changed":false,"_et_pb_use_builder":"on","_et_pb_old_content":"","_et_gb_content_width":"","footnotes":""},"class_list":["post-28610","page","type-page","status-publish","hentry"],"acf":[],"yoast_head":"<!-- This site is optimized with the Yoast SEO plugin v26.9 - https:\/\/yoast.com\/product\/yoast-seo-wordpress\/ -->\n<title>Termes et conditions | Verrerie Walker<\/title>\n<meta name=\"robots\" content=\"index, follow, max-snippet:-1, max-image-preview:large, max-video-preview:-1\" \/>\n<link rel=\"canonical\" href=\"https:\/\/www.walkerglass.com\/fr\/termes-et-conditions\/\" \/>\n<meta property=\"og:locale\" content=\"fr_FR\" \/>\n<meta property=\"og:type\" content=\"article\" \/>\n<meta property=\"og:title\" content=\"Termes et conditions | Verrerie Walker\" \/>\n<meta property=\"og:description\" content=\"Termes et conditions &nbsp; Vous trouverez ci-dessous la politique des termes et conditions de La Verrerie Walker. Les informations contenues sur le site internet www.laverreriewalker.com sont publi\u00e9es au meilleur des connaissances des membres de La Verrerie Walker. Les informations que l\u2019on retrouve sur le site doivent \u00eatre interpr\u00e9t\u00e9es \u00e0 titre seulement de r\u00e9f\u00e9rence et l\u2019entreprise [&hellip;]\" \/>\n<meta property=\"og:url\" content=\"https:\/\/www.walkerglass.com\/fr\/termes-et-conditions\/\" \/>\n<meta property=\"og:site_name\" content=\"Verrerie Walker\" \/>\n<meta property=\"article:publisher\" content=\"https:\/\/www.facebook.com\/WalkerGlassCo\/\" \/>\n<meta property=\"article:modified_time\" content=\"2024-09-26T14:23:28+00:00\" \/>\n<meta property=\"og:image\" content=\"https:\/\/www.walkerglass.com\/wp-content\/uploads\/2020\/03\/home-2-low-e-coated-acid-etched-glass.jpg\" \/>\n\t<meta property=\"og:image:width\" content=\"1743\" \/>\n\t<meta property=\"og:image:height\" content=\"910\" \/>\n\t<meta property=\"og:image:type\" content=\"image\/jpeg\" \/>\n<meta name=\"twitter:card\" content=\"summary_large_image\" \/>\n<meta name=\"twitter:site\" content=\"@WalkerTextures\" \/>\n<meta name=\"twitter:label1\" content=\"Dur\u00e9e de lecture estim\u00e9e\" \/>\n\t<meta name=\"twitter:data1\" content=\"2 minutes\" \/>\n<script type=\"application\/ld+json\" class=\"yoast-schema-graph\">{\"@context\":\"https:\/\/schema.org\",\"@graph\":[{\"@type\":\"WebPage\",\"@id\":\"https:\/\/www.walkerglass.com\/fr\/termes-et-conditions\/\",\"url\":\"https:\/\/www.walkerglass.com\/fr\/termes-et-conditions\/\",\"name\":\"Termes et conditions | Verrerie Walker\",\"isPartOf\":{\"@id\":\"https:\/\/www.walkerglass.com\/#website\"},\"datePublished\":\"2024-08-22T20:19:34+00:00\",\"dateModified\":\"2024-09-26T14:23:28+00:00\",\"breadcrumb\":{\"@id\":\"https:\/\/www.walkerglass.com\/fr\/termes-et-conditions\/#breadcrumb\"},\"inLanguage\":\"fr-FR\",\"potentialAction\":[{\"@type\":\"ReadAction\",\"target\":[\"https:\/\/www.walkerglass.com\/fr\/termes-et-conditions\/\"]}]},{\"@type\":\"BreadcrumbList\",\"@id\":\"https:\/\/www.walkerglass.com\/fr\/termes-et-conditions\/#breadcrumb\",\"itemListElement\":[{\"@type\":\"ListItem\",\"position\":1,\"name\":\"Accueil\"},{\"@type\":\"ListItem\",\"position\":2,\"name\":\"Termes et conditions\"}]},{\"@type\":\"WebSite\",\"@id\":\"https:\/\/www.walkerglass.com\/#website\",\"url\":\"https:\/\/www.walkerglass.com\/\",\"name\":\"Verrerie Walker\",\"description\":\"\",\"publisher\":{\"@id\":\"https:\/\/www.walkerglass.com\/#organization\"},\"potentialAction\":[{\"@type\":\"SearchAction\",\"target\":{\"@type\":\"EntryPoint\",\"urlTemplate\":\"https:\/\/www.walkerglass.com\/?s={search_term_string}\"},\"query-input\":{\"@type\":\"PropertyValueSpecification\",\"valueRequired\":true,\"valueName\":\"search_term_string\"}}],\"inLanguage\":\"fr-FR\"},{\"@type\":\"Organization\",\"@id\":\"https:\/\/www.walkerglass.com\/#organization\",\"name\":\"Verrerie Walker\",\"url\":\"https:\/\/www.walkerglass.com\/\",\"logo\":{\"@type\":\"ImageObject\",\"inLanguage\":\"fr-FR\",\"@id\":\"https:\/\/www.walkerglass.com\/#\/schema\/logo\/image\/\",\"url\":\"https:\/\/www.walkerglass.com\/wp-content\/uploads\/2021\/03\/logo-walker-noir-1.png\",\"contentUrl\":\"https:\/\/www.walkerglass.com\/wp-content\/uploads\/2021\/03\/logo-walker-noir-1.png\",\"width\":2048,\"height\":282,\"caption\":\"Verrerie Walker\"},\"image\":{\"@id\":\"https:\/\/www.walkerglass.com\/#\/schema\/logo\/image\/\"},\"sameAs\":[\"https:\/\/www.facebook.com\/WalkerGlassCo\/\",\"https:\/\/x.com\/WalkerTextures\",\"https:\/\/www.instagram.com\/walkerglassco\/\",\"https:\/\/ca.linkedin.com\/company\/walker-glass\",\"https:\/\/www.youtube.com\/user\/WalkerGlassTextures\"]}]}<\/script>\n<!-- \/ Yoast SEO plugin. -->","yoast_head_json":{"title":"Termes et conditions | Verrerie Walker","robots":{"index":"index","follow":"follow","max-snippet":"max-snippet:-1","max-image-preview":"max-image-preview:large","max-video-preview":"max-video-preview:-1"},"canonical":"https:\/\/www.walkerglass.com\/fr\/termes-et-conditions\/","og_locale":"fr_FR","og_type":"article","og_title":"Termes et conditions | Verrerie Walker","og_description":"Termes et conditions &nbsp; Vous trouverez ci-dessous la politique des termes et conditions de La Verrerie Walker. Les informations contenues sur le site internet www.laverreriewalker.com sont publi\u00e9es au meilleur des connaissances des membres de La Verrerie Walker. Les informations que l\u2019on retrouve sur le site doivent \u00eatre interpr\u00e9t\u00e9es \u00e0 titre seulement de r\u00e9f\u00e9rence et l\u2019entreprise [&hellip;]","og_url":"https:\/\/www.walkerglass.com\/fr\/termes-et-conditions\/","og_site_name":"Verrerie Walker","article_publisher":"https:\/\/www.facebook.com\/WalkerGlassCo\/","article_modified_time":"2024-09-26T14:23:28+00:00","og_image":[{"width":1743,"height":910,"url":"https:\/\/www.walkerglass.com\/wp-content\/uploads\/2020\/03\/home-2-low-e-coated-acid-etched-glass.jpg","type":"image\/jpeg"}],"twitter_card":"summary_large_image","twitter_site":"@WalkerTextures","twitter_misc":{"Dur\u00e9e de lecture estim\u00e9e":"2 minutes"},"schema":{"@context":"https:\/\/schema.org","@graph":[{"@type":"WebPage","@id":"https:\/\/www.walkerglass.com\/fr\/termes-et-conditions\/","url":"https:\/\/www.walkerglass.com\/fr\/termes-et-conditions\/","name":"Termes et conditions | Verrerie Walker","isPartOf":{"@id":"https:\/\/www.walkerglass.com\/#website"},"datePublished":"2024-08-22T20:19:34+00:00","dateModified":"2024-09-26T14:23:28+00:00","breadcrumb":{"@id":"https:\/\/www.walkerglass.com\/fr\/termes-et-conditions\/#breadcrumb"},"inLanguage":"fr-FR","potentialAction":[{"@type":"ReadAction","target":["https:\/\/www.walkerglass.com\/fr\/termes-et-conditions\/"]}]},{"@type":"BreadcrumbList","@id":"https:\/\/www.walkerglass.com\/fr\/termes-et-conditions\/#breadcrumb","itemListElement":[{"@type":"ListItem","position":1,"name":"Accueil"},{"@type":"ListItem","position":2,"name":"Termes et conditions"}]},{"@type":"WebSite","@id":"https:\/\/www.walkerglass.com\/#website","url":"https:\/\/www.walkerglass.com\/","name":"Verrerie Walker","description":"","publisher":{"@id":"https:\/\/www.walkerglass.com\/#organization"},"potentialAction":[{"@type":"SearchAction","target":{"@type":"EntryPoint","urlTemplate":"https:\/\/www.walkerglass.com\/?s={search_term_string}"},"query-input":{"@type":"PropertyValueSpecification","valueRequired":true,"valueName":"search_term_string"}}],"inLanguage":"fr-FR"},{"@type":"Organization","@id":"https:\/\/www.walkerglass.com\/#organization","name":"Verrerie Walker","url":"https:\/\/www.walkerglass.com\/","logo":{"@type":"ImageObject","inLanguage":"fr-FR","@id":"https:\/\/www.walkerglass.com\/#\/schema\/logo\/image\/","url":"https:\/\/www.walkerglass.com\/wp-content\/uploads\/2021\/03\/logo-walker-noir-1.png","contentUrl":"https:\/\/www.walkerglass.com\/wp-content\/uploads\/2021\/03\/logo-walker-noir-1.png","width":2048,"height":282,"caption":"Verrerie Walker"},"image":{"@id":"https:\/\/www.walkerglass.com\/#\/schema\/logo\/image\/"},"sameAs":["https:\/\/www.facebook.com\/WalkerGlassCo\/","https:\/\/x.com\/WalkerTextures","https:\/\/www.instagram.com\/walkerglassco\/","https:\/\/ca.linkedin.com\/company\/walker-glass","https:\/\/www.youtube.com\/user\/WalkerGlassTextures"]}]}},"_links":{"self":[{"href":"https:\/\/www.walkerglass.com\/fr\/wp-json\/wp\/v2\/pages\/28610","targetHints":{"allow":["GET"]}}],"collection":[{"href":"https:\/\/www.walkerglass.com\/fr\/wp-json\/wp\/v2\/pages"}],"about":[{"href":"https:\/\/www.walkerglass.com\/fr\/wp-json\/wp\/v2\/types\/page"}],"author":[{"embeddable":true,"href":"https:\/\/www.walkerglass.com\/fr\/wp-json\/wp\/v2\/users\/18"}],"replies":[{"embeddable":true,"href":"https:\/\/www.walkerglass.com\/fr\/wp-json\/wp\/v2\/comments?post=28610"}],"version-history":[{"count":8,"href":"https:\/\/www.walkerglass.com\/fr\/wp-json\/wp\/v2\/pages\/28610\/revisions"}],"predecessor-version":[{"id":28754,"href":"https:\/\/www.walkerglass.com\/fr\/wp-json\/wp\/v2\/pages\/28610\/revisions\/28754"}],"wp:attachment":[{"href":"https:\/\/www.walkerglass.com\/fr\/wp-json\/wp\/v2\/media?parent=28610"}],"curies":[{"name":"wp","href":"https:\/\/api.w.org\/{rel}","templated":true}]}}